{"id":47395,"date":"2023-02-21T14:20:13","date_gmt":"2023-02-21T13:20:17","guid":{"rendered":"https:\/\/newgarden.es\/?post_type=product&#038;p=47395"},"modified":"2024-05-28T10:20:23","modified_gmt":"2024-05-28T08:20:23","slug":"x4-ghirlanda-decorativa-per-esterni-okinawa","status":"publish","type":"product","link":"https:\/\/newgarden.es\/it\/shop\/lightdeco-it\/natale\/x4-ghirlanda-decorativa-per-esterni-okinawa\/","title":{"rendered":"GHIRLANDA DECORATIVA DI OKINAWA"},"content":{"rendered":"<section class=\"wpb-content-wrapper\"><p>[vc_row][vc_column][vc_column_text][\/vc_column_text][\/vc_column][\/vc_row][vc_row][vc_column][vc_column_text]La ghirlanda da esterno OKINAWA \u00e8 realizzata a mano in bamb\u00f9. Dispone di 10 tulipani svasati dal design organico con 10 lampadine sostituibili. Pu\u00f2 essere combinato con altri prodotti della serie Okinawa come la lanterna (Okinawa Lantern), la lampada a sospensione (Okinawa 40 Hang) o la lampada da terra Okinawa 170. Tutti loro formano un insieme di lampade che portano un tocco di natura armonica al tuo giardino. Include dieci lampadine e altre due di ricambio. La finitura della corda \u00e8 effetto iuta e ha una lunghezza di 8 metri.<\/p>\n<p>La Guirlanda decorativa Okinawa \u00e8 disponibile in 2 finiture: CAVO o SOLARE + BATTERIA RICARICABILE.<br \/>\n[\/vc_column_text][\/vc_column][\/vc_row][vc_row][vc_column width=&#8221;1\/2&#8243;][vc_btn title=&#8221;SCHEDA TECNICA DEI CAVI&#8221; style=&#8221;custom&#8221; custom_background=&#8221;#009bc2&#8243; custom_text=&#8221;#ffffff&#8221; shape=&#8221;square&#8221; el_class=&#8221;btn_descargar_ficha&#8221; link=&#8221;url:https%3A%2F%2Fbit.ly%2F3xEYB8k|target:%20_blank|&#8221;][vc_btn title=&#8221;SCHEDA TECNICA SOLARE&#8221; style=&#8221;custom&#8221; custom_background=&#8221;#009bc2&#8243; custom_text=&#8221;#ffffff&#8221; shape=&#8221;square&#8221; el_class=&#8221;btn_descargar_ficha&#8221; link=&#8221;url:https%3A%2F%2Fbit.ly%2F3SiSwb4|target:%20_blank|&#8221;][\/vc_column][vc_column width=&#8221;1\/2&#8243;][vc_btn title=&#8221;MANUALE D&apos;ISTRUZIONE CAVO&#8221; style=&#8221;custom&#8221; custom_background=&#8221;#009bc2&#8243; custom_text=&#8221;#ffffff&#8221; shape=&#8221;square&#8221; el_class=&#8221;btn_descargar_ficha&#8221; link=&#8221;url:https%3A%2F%2Fbit.ly%2F3Z4RKAG|target:%20_blank|&#8221;][vc_btn title=&#8221;MANUALE D&apos;ISTRUZIONE SOLARE&#8221; style=&#8221;custom&#8221; custom_background=&#8221;#009bc2&#8243; custom_text=&#8221;#ffffff&#8221; shape=&#8221;square&#8221; el_class=&#8221;btn_descargar_ficha&#8221; link=&#8221;url:https%3A%2F%2Fbit.ly%2F3Ksdna5|target:%20_blank|&#8221;][\/vc_column][\/vc_row]<\/p>\n<\/section>","protected":false},"excerpt":{"rendered":"<p>GHIRLANDA DECORATIVA PER ESTERNI OKINAWA<\/p>\n","protected":false},"featured_media":57932,"template":"","meta":[],"product_cat":[974,1577,993],"product_tag":[955,962,961],"class_list":{"0":"post-47395","1":"product","2":"type-product","3":"status-publish","4":"has-post-thumbnail","6":"product_cat-lightdeco-it","7":"product_cat-ghirlande","8":"product_cat-natale","9":"product_tag-cavo","10":"product_tag-senza-fili-it","11":"product_tag-solare","13":"first","14":"instock","15":"taxable","16":"shipping-taxable","17":"purchasable","18":"product-type-variable"},"yoast_head":"<!-- This site is optimized with the Yoast SEO plugin v24.2 - https:\/\/yoast.com\/wordpress\/plugins\/seo\/ -->\n<title>GHIRLANDA DECORATIVA DI OKINAWA - Newgarden<\/title>\n<meta name=\"description\" content=\"La ghirlanda da esterno OKINAWA \u00e8 realizzata a mano in bamb\u00f9. Dispone di 10 tulipani svasati dal design organico con 10 lampadine sostituibili. Pu\u00f2 essere\" \/>\n<meta name=\"robots\" content=\"index, follow, max-snippet:-1, max-image-preview:large, max-video-preview:-1\" \/>\n<link rel=\"canonical\" href=\"https:\/\/newgarden.es\/it\/shop\/lightdeco-it\/natale\/x4-ghirlanda-decorativa-per-esterni-okinawa\/\" \/>\n<meta property=\"og:locale\" content=\"it_IT\" \/>\n<meta property=\"og:type\" content=\"article\" \/>\n<meta property=\"og:title\" content=\"GHIRLANDA DECORATIVA DI OKINAWA - Newgarden\" \/>\n<meta property=\"og:description\" content=\"La ghirlanda da esterno OKINAWA \u00e8 realizzata a mano in bamb\u00f9. Dispone di 10 tulipani svasati dal design organico con 10 lampadine sostituibili. Pu\u00f2 essere\" \/>\n<meta property=\"og:url\" content=\"https:\/\/newgarden.es\/it\/shop\/lightdeco-it\/natale\/x4-ghirlanda-decorativa-per-esterni-okinawa\/\" \/>\n<meta property=\"og:site_name\" content=\"Newgarden\" \/>\n<meta property=\"article:modified_time\" content=\"2024-05-28T08:20:23+00:00\" \/>\n<meta property=\"og:image\" content=\"https:\/\/newgarden.es\/wp-content\/uploads\/2023\/02\/OKINAWA_GARLAND_1200X1200-8-1.jpg\" \/>\n\t<meta property=\"og:image:width\" content=\"1200\" \/>\n\t<meta property=\"og:image:height\" content=\"1200\" \/>\n\t<meta property=\"og:image:type\" content=\"image\/jpeg\" \/>\n<meta name=\"twitter:card\" content=\"summary_large_image\" \/>\n<meta name=\"twitter:label1\" content=\"Tempo di lettura stimato\" \/>\n\t<meta name=\"twitter:data1\" content=\"1 minuto\" \/>\n<script type=\"application\/ld+json\" class=\"yoast-schema-graph\">{\"@context\":\"https:\/\/schema.org\",\"@graph\":[{\"@type\":\"WebPage\",\"@id\":\"https:\/\/newgarden.es\/it\/shop\/lightdeco-it\/natale\/x4-ghirlanda-decorativa-per-esterni-okinawa\/\",\"url\":\"https:\/\/newgarden.es\/it\/shop\/lightdeco-it\/natale\/x4-ghirlanda-decorativa-per-esterni-okinawa\/\",\"name\":\"GHIRLANDA DECORATIVA DI OKINAWA - Newgarden\",\"isPartOf\":{\"@id\":\"https:\/\/newgarden.es\/#website\"},\"primaryImageOfPage\":{\"@id\":\"https:\/\/newgarden.es\/it\/shop\/lightdeco-it\/natale\/x4-ghirlanda-decorativa-per-esterni-okinawa\/#primaryimage\"},\"image\":{\"@id\":\"https:\/\/newgarden.es\/it\/shop\/lightdeco-it\/natale\/x4-ghirlanda-decorativa-per-esterni-okinawa\/#primaryimage\"},\"thumbnailUrl\":\"https:\/\/newgarden.es\/wp-content\/uploads\/2023\/02\/OKINAWA_GARLAND_1200X1200-8-1.jpg\",\"datePublished\":\"2023-02-21T13:20:17+00:00\",\"dateModified\":\"2024-05-28T08:20:23+00:00\",\"description\":\"La ghirlanda da esterno OKINAWA \u00e8 realizzata a mano in bamb\u00f9. Dispone di 10 tulipani svasati dal design organico con 10 lampadine sostituibili. Pu\u00f2 essere\",\"breadcrumb\":{\"@id\":\"https:\/\/newgarden.es\/it\/shop\/lightdeco-it\/natale\/x4-ghirlanda-decorativa-per-esterni-okinawa\/#breadcrumb\"},\"inLanguage\":\"it-IT\",\"potentialAction\":[{\"@type\":\"ReadAction\",\"target\":[\"https:\/\/newgarden.es\/it\/shop\/lightdeco-it\/natale\/x4-ghirlanda-decorativa-per-esterni-okinawa\/\"]}]},{\"@type\":\"ImageObject\",\"inLanguage\":\"it-IT\",\"@id\":\"https:\/\/newgarden.es\/it\/shop\/lightdeco-it\/natale\/x4-ghirlanda-decorativa-per-esterni-okinawa\/#primaryimage\",\"url\":\"https:\/\/newgarden.es\/wp-content\/uploads\/2023\/02\/OKINAWA_GARLAND_1200X1200-8-1.jpg\",\"contentUrl\":\"https:\/\/newgarden.es\/wp-content\/uploads\/2023\/02\/OKINAWA_GARLAND_1200X1200-8-1.jpg\",\"width\":1200,\"height\":1200},{\"@type\":\"BreadcrumbList\",\"@id\":\"https:\/\/newgarden.es\/it\/shop\/lightdeco-it\/natale\/x4-ghirlanda-decorativa-per-esterni-okinawa\/#breadcrumb\",\"itemListElement\":[{\"@type\":\"ListItem\",\"position\":1,\"name\":\"Home\",\"item\":\"https:\/\/newgarden.es\/it\/\"},{\"@type\":\"ListItem\",\"position\":2,\"name\":\"Collezione\",\"item\":\"https:\/\/newgarden.es\/it\/negozio\/\"},{\"@type\":\"ListItem\",\"position\":3,\"name\":\"GHIRLANDA DECORATIVA DI OKINAWA\"}]},{\"@type\":\"WebSite\",\"@id\":\"https:\/\/newgarden.es\/#website\",\"url\":\"https:\/\/newgarden.es\/\",\"name\":\"Newgarden\",\"description\":\"Be happy\",\"potentialAction\":[{\"@type\":\"SearchAction\",\"target\":{\"@type\":\"EntryPoint\",\"urlTemplate\":\"https:\/\/newgarden.es\/?s={search_term_string}\"},\"query-input\":{\"@type\":\"PropertyValueSpecification\",\"valueRequired\":true,\"valueName\":\"search_term_string\"}}],\"inLanguage\":\"it-IT\"}]}<\/script>\n<!-- \/ Yoast SEO plugin. -->","yoast_head_json":{"title":"GHIRLANDA DECORATIVA DI OKINAWA - Newgarden","description":"La ghirlanda da esterno OKINAWA \u00e8 realizzata a mano in bamb\u00f9. Dispone di 10 tulipani svasati dal design organico con 10 lampadine sostituibili. Pu\u00f2 essere","robots":{"index":"index","follow":"follow","max-snippet":"max-snippet:-1","max-image-preview":"max-image-preview:large","max-video-preview":"max-video-preview:-1"},"canonical":"https:\/\/newgarden.es\/it\/shop\/lightdeco-it\/natale\/x4-ghirlanda-decorativa-per-esterni-okinawa\/","og_locale":"it_IT","og_type":"article","og_title":"GHIRLANDA DECORATIVA DI OKINAWA - Newgarden","og_description":"La ghirlanda da esterno OKINAWA \u00e8 realizzata a mano in bamb\u00f9. Dispone di 10 tulipani svasati dal design organico con 10 lampadine sostituibili. Pu\u00f2 essere","og_url":"https:\/\/newgarden.es\/it\/shop\/lightdeco-it\/natale\/x4-ghirlanda-decorativa-per-esterni-okinawa\/","og_site_name":"Newgarden","article_modified_time":"2024-05-28T08:20:23+00:00","og_image":[{"width":1200,"height":1200,"url":"https:\/\/newgarden.es\/wp-content\/uploads\/2023\/02\/OKINAWA_GARLAND_1200X1200-8-1.jpg","type":"image\/jpeg"}],"twitter_card":"summary_large_image","twitter_misc":{"Tempo di lettura stimato":"1 minuto"},"schema":{"@context":"https:\/\/schema.org","@graph":[{"@type":"WebPage","@id":"https:\/\/newgarden.es\/it\/shop\/lightdeco-it\/natale\/x4-ghirlanda-decorativa-per-esterni-okinawa\/","url":"https:\/\/newgarden.es\/it\/shop\/lightdeco-it\/natale\/x4-ghirlanda-decorativa-per-esterni-okinawa\/","name":"GHIRLANDA DECORATIVA DI OKINAWA - Newgarden","isPartOf":{"@id":"https:\/\/newgarden.es\/#website"},"primaryImageOfPage":{"@id":"https:\/\/newgarden.es\/it\/shop\/lightdeco-it\/natale\/x4-ghirlanda-decorativa-per-esterni-okinawa\/#primaryimage"},"image":{"@id":"https:\/\/newgarden.es\/it\/shop\/lightdeco-it\/natale\/x4-ghirlanda-decorativa-per-esterni-okinawa\/#primaryimage"},"thumbnailUrl":"https:\/\/newgarden.es\/wp-content\/uploads\/2023\/02\/OKINAWA_GARLAND_1200X1200-8-1.jpg","datePublished":"2023-02-21T13:20:17+00:00","dateModified":"2024-05-28T08:20:23+00:00","description":"La ghirlanda da esterno OKINAWA \u00e8 realizzata a mano in bamb\u00f9. Dispone di 10 tulipani svasati dal design organico con 10 lampadine sostituibili. Pu\u00f2 essere","breadcrumb":{"@id":"https:\/\/newgarden.es\/it\/shop\/lightdeco-it\/natale\/x4-ghirlanda-decorativa-per-esterni-okinawa\/#breadcrumb"},"inLanguage":"it-IT","potentialAction":[{"@type":"ReadAction","target":["https:\/\/newgarden.es\/it\/shop\/lightdeco-it\/natale\/x4-ghirlanda-decorativa-per-esterni-okinawa\/"]}]},{"@type":"ImageObject","inLanguage":"it-IT","@id":"https:\/\/newgarden.es\/it\/shop\/lightdeco-it\/natale\/x4-ghirlanda-decorativa-per-esterni-okinawa\/#primaryimage","url":"https:\/\/newgarden.es\/wp-content\/uploads\/2023\/02\/OKINAWA_GARLAND_1200X1200-8-1.jpg","contentUrl":"https:\/\/newgarden.es\/wp-content\/uploads\/2023\/02\/OKINAWA_GARLAND_1200X1200-8-1.jpg","width":1200,"height":1200},{"@type":"BreadcrumbList","@id":"https:\/\/newgarden.es\/it\/shop\/lightdeco-it\/natale\/x4-ghirlanda-decorativa-per-esterni-okinawa\/#breadcrumb","itemListElement":[{"@type":"ListItem","position":1,"name":"Home","item":"https:\/\/newgarden.es\/it\/"},{"@type":"ListItem","position":2,"name":"Collezione","item":"https:\/\/newgarden.es\/it\/negozio\/"},{"@type":"ListItem","position":3,"name":"GHIRLANDA DECORATIVA DI OKINAWA"}]},{"@type":"WebSite","@id":"https:\/\/newgarden.es\/#website","url":"https:\/\/newgarden.es\/","name":"Newgarden","description":"Be happy","potentialAction":[{"@type":"SearchAction","target":{"@type":"EntryPoint","urlTemplate":"https:\/\/newgarden.es\/?s={search_term_string}"},"query-input":{"@type":"PropertyValueSpecification","valueRequired":true,"valueName":"search_term_string"}}],"inLanguage":"it-IT"}]}},"df_price":169,"df_sale_price":"","df_regular_price":169,"df_image_link":"https:\/\/newgarden.es\/wp-content\/uploads\/2023\/02\/OKINAWA_GARLAND_1200X1200-8-1-580x400.jpg","_links":{"self":[{"href":"https:\/\/newgarden.es\/it\/wp-json\/wp\/v2\/product\/47395"}],"collection":[{"href":"https:\/\/newgarden.es\/it\/wp-json\/wp\/v2\/product"}],"about":[{"href":"https:\/\/newgarden.es\/it\/wp-json\/wp\/v2\/types\/product"}],"wp:featuredmedia":[{"embeddable":true,"href":"https:\/\/newgarden.es\/it\/wp-json\/wp\/v2\/media\/57932"}],"wp:attachment":[{"href":"https:\/\/newgarden.es\/it\/wp-json\/wp\/v2\/media?parent=47395"}],"wp:term":[{"taxonomy":"product_cat","embeddable":true,"href":"https:\/\/newgarden.es\/it\/wp-json\/wp\/v2\/product_cat?post=47395"},{"taxonomy":"product_tag","embeddable":true,"href":"https:\/\/newgarden.es\/it\/wp-json\/wp\/v2\/product_tag?post=47395"}],"curies":[{"name":"wp","href":"https:\/\/api.w.org\/{rel}","templated":true}]}}