{"id":47469,"date":"2023-02-21T14:29:57","date_gmt":"2023-02-21T13:30:02","guid":{"rendered":"https:\/\/newgarden.es\/?post_type=product&#038;p=47469"},"modified":"2024-05-28T10:24:44","modified_gmt":"2024-05-28T08:24:44","slug":"x4-ghirlanda-decorativa-hiama-per-esterni","status":"publish","type":"product","link":"https:\/\/newgarden.es\/it\/shop\/lightdeco-it\/natale\/x4-ghirlanda-decorativa-hiama-per-esterni\/","title":{"rendered":"GHIRLANDA DECORATIVA HIAMA"},"content":{"rendered":"<section class=\"wpb-content-wrapper\"><p>[vc_row][vc_column][vc_column_text][\/vc_column_text][\/vc_column][\/vc_row][vc_row][vc_column][vc_column_text]La ghirlanda Hiama \u00e8 perfetta per eventi e feste, ma \u00e8 anche ideale per decorare la casa e qualsiasi angolo esterno, giardino, terrazza, attivit\u00e0 commerciale&#8230; A differenza della maggior parte delle ghirlande presenti sul mercato, la ghirlanda decorativa Hiama di Newgarden ha 10 lampadine LED integrate con effetto fiamma e il suo paralume \u00e8 realizzato in bamb\u00f9 intrecciato. Ciascuna delle luci \u00e8 dotata di un gancio in alto che ne facilita l&#8217;appensione.<\/p>\n<p>La ghirlanda di Hiama Design misura 5 metri ed \u00e8 disponibile nelle finiture SOLAR o CABLE.<br \/>\n[\/vc_column_text][\/vc_column][\/vc_row][vc_row][vc_column width=&#8221;1\/2&#8243;][vc_btn title=&#8221;SCHEDA TECNICA DEI CAVI&#8221; style=&#8221;custom&#8221; custom_background=&#8221;#009bc2&#8243; custom_text=&#8221;#ffffff&#8221; shape=&#8221;square&#8221; el_class=&#8221;btn_descargar_ficha&#8221; link=&#8221;url:https%3A%2F%2Fbit.ly%2F3Euuoga|target:%20_blank|&#8221;][vc_btn title=&#8221;SCHEDA TECNICA SOLARE&#8221; style=&#8221;custom&#8221; custom_background=&#8221;#009bc2&#8243; custom_text=&#8221;#ffffff&#8221; shape=&#8221;square&#8221; el_class=&#8221;btn_descargar_ficha&#8221; link=&#8221;url:https%3A%2F%2Fbit.ly%2F3lPWzzz|target:%20_blank|&#8221;][\/vc_column][vc_column width=&#8221;1\/2&#8243;][vc_btn title=&#8221;MANUALE D&apos;ISTRUZIONE CAVO&#8221; style=&#8221;custom&#8221; custom_background=&#8221;#009bc2&#8243; custom_text=&#8221;#ffffff&#8221; shape=&#8221;square&#8221; el_class=&#8221;btn_descargar_ficha&#8221; link=&#8221;url:https%3A%2F%2Fbit.ly%2F3IHNy4t|target:%20_blank|&#8221;][vc_btn title=&#8221;MANUALE D&apos;ISTRUZIONE SOLARE&#8221; style=&#8221;custom&#8221; custom_background=&#8221;#009bc2&#8243; custom_text=&#8221;#ffffff&#8221; shape=&#8221;square&#8221; el_class=&#8221;btn_descargar_ficha&#8221; link=&#8221;url:https%3A%2F%2Fbit.ly%2F3lJLlfR|target:%20_blank|&#8221;][\/vc_column][\/vc_row]<\/p>\n<\/section>","protected":false},"excerpt":{"rendered":"<p>Ghirlanda decorativa HIAMA per esterni<\/p>\n","protected":false},"featured_media":57887,"template":"","meta":[],"product_cat":[974,1577,993],"product_tag":[955,962,961],"class_list":{"0":"post-47469","1":"product","2":"type-product","3":"status-publish","4":"has-post-thumbnail","6":"product_cat-lightdeco-it","7":"product_cat-ghirlande","8":"product_cat-natale","9":"product_tag-cavo","10":"product_tag-senza-fili-it","11":"product_tag-solare","13":"first","14":"instock","15":"taxable","16":"shipping-taxable","17":"purchasable","18":"product-type-variable"},"yoast_head":"<!-- This site is optimized with the Yoast SEO plugin v24.2 - https:\/\/yoast.com\/wordpress\/plugins\/seo\/ -->\n<title>GHIRLANDA DECORATIVA HIAMA - Newgarden<\/title>\n<meta name=\"description\" content=\"La ghirlanda Hiama \u00e8 perfetta per eventi e feste, ma \u00e8 anche ideale per decorare la casa e qualsiasi angolo esterno, giardino, terrazza, attivit\u00e0 commercial\" \/>\n<meta name=\"robots\" content=\"index, follow, max-snippet:-1, max-image-preview:large, max-video-preview:-1\" \/>\n<link rel=\"canonical\" href=\"https:\/\/newgarden.es\/it\/shop\/lightdeco-it\/natale\/x4-ghirlanda-decorativa-hiama-per-esterni\/\" \/>\n<meta property=\"og:locale\" content=\"it_IT\" \/>\n<meta property=\"og:type\" content=\"article\" \/>\n<meta property=\"og:title\" content=\"GHIRLANDA DECORATIVA HIAMA - Newgarden\" \/>\n<meta property=\"og:description\" content=\"La ghirlanda Hiama \u00e8 perfetta per eventi e feste, ma \u00e8 anche ideale per decorare la casa e qualsiasi angolo esterno, giardino, terrazza, attivit\u00e0 commercial\" \/>\n<meta property=\"og:url\" content=\"https:\/\/newgarden.es\/it\/shop\/lightdeco-it\/natale\/x4-ghirlanda-decorativa-hiama-per-esterni\/\" \/>\n<meta property=\"og:site_name\" content=\"Newgarden\" \/>\n<meta property=\"article:modified_time\" content=\"2024-05-28T08:24:44+00:00\" \/>\n<meta property=\"og:image\" content=\"https:\/\/newgarden.es\/wp-content\/uploads\/2023\/02\/HIAMA_GARLAND_1200X1200-6.jpg\" \/>\n\t<meta property=\"og:image:width\" content=\"1200\" \/>\n\t<meta property=\"og:image:height\" content=\"1200\" \/>\n\t<meta property=\"og:image:type\" content=\"image\/jpeg\" \/>\n<meta name=\"twitter:card\" content=\"summary_large_image\" \/>\n<meta name=\"twitter:label1\" content=\"Tempo di lettura stimato\" \/>\n\t<meta name=\"twitter:data1\" content=\"1 minuto\" \/>\n<script type=\"application\/ld+json\" class=\"yoast-schema-graph\">{\"@context\":\"https:\/\/schema.org\",\"@graph\":[{\"@type\":\"WebPage\",\"@id\":\"https:\/\/newgarden.es\/it\/shop\/lightdeco-it\/natale\/x4-ghirlanda-decorativa-hiama-per-esterni\/\",\"url\":\"https:\/\/newgarden.es\/it\/shop\/lightdeco-it\/natale\/x4-ghirlanda-decorativa-hiama-per-esterni\/\",\"name\":\"GHIRLANDA DECORATIVA HIAMA - Newgarden\",\"isPartOf\":{\"@id\":\"https:\/\/newgarden.es\/#website\"},\"primaryImageOfPage\":{\"@id\":\"https:\/\/newgarden.es\/it\/shop\/lightdeco-it\/natale\/x4-ghirlanda-decorativa-hiama-per-esterni\/#primaryimage\"},\"image\":{\"@id\":\"https:\/\/newgarden.es\/it\/shop\/lightdeco-it\/natale\/x4-ghirlanda-decorativa-hiama-per-esterni\/#primaryimage\"},\"thumbnailUrl\":\"https:\/\/newgarden.es\/wp-content\/uploads\/2023\/02\/HIAMA_GARLAND_1200X1200-6.jpg\",\"datePublished\":\"2023-02-21T13:30:02+00:00\",\"dateModified\":\"2024-05-28T08:24:44+00:00\",\"description\":\"La ghirlanda Hiama \u00e8 perfetta per eventi e feste, ma \u00e8 anche ideale per decorare la casa e qualsiasi angolo esterno, giardino, terrazza, attivit\u00e0 commercial\",\"breadcrumb\":{\"@id\":\"https:\/\/newgarden.es\/it\/shop\/lightdeco-it\/natale\/x4-ghirlanda-decorativa-hiama-per-esterni\/#breadcrumb\"},\"inLanguage\":\"it-IT\",\"potentialAction\":[{\"@type\":\"ReadAction\",\"target\":[\"https:\/\/newgarden.es\/it\/shop\/lightdeco-it\/natale\/x4-ghirlanda-decorativa-hiama-per-esterni\/\"]}]},{\"@type\":\"ImageObject\",\"inLanguage\":\"it-IT\",\"@id\":\"https:\/\/newgarden.es\/it\/shop\/lightdeco-it\/natale\/x4-ghirlanda-decorativa-hiama-per-esterni\/#primaryimage\",\"url\":\"https:\/\/newgarden.es\/wp-content\/uploads\/2023\/02\/HIAMA_GARLAND_1200X1200-6.jpg\",\"contentUrl\":\"https:\/\/newgarden.es\/wp-content\/uploads\/2023\/02\/HIAMA_GARLAND_1200X1200-6.jpg\",\"width\":1200,\"height\":1200},{\"@type\":\"BreadcrumbList\",\"@id\":\"https:\/\/newgarden.es\/it\/shop\/lightdeco-it\/natale\/x4-ghirlanda-decorativa-hiama-per-esterni\/#breadcrumb\",\"itemListElement\":[{\"@type\":\"ListItem\",\"position\":1,\"name\":\"Home\",\"item\":\"https:\/\/newgarden.es\/it\/\"},{\"@type\":\"ListItem\",\"position\":2,\"name\":\"Collezione\",\"item\":\"https:\/\/newgarden.es\/it\/negozio\/\"},{\"@type\":\"ListItem\",\"position\":3,\"name\":\"GHIRLANDA DECORATIVA HIAMA\"}]},{\"@type\":\"WebSite\",\"@id\":\"https:\/\/newgarden.es\/#website\",\"url\":\"https:\/\/newgarden.es\/\",\"name\":\"Newgarden\",\"description\":\"Be happy\",\"potentialAction\":[{\"@type\":\"SearchAction\",\"target\":{\"@type\":\"EntryPoint\",\"urlTemplate\":\"https:\/\/newgarden.es\/?s={search_term_string}\"},\"query-input\":{\"@type\":\"PropertyValueSpecification\",\"valueRequired\":true,\"valueName\":\"search_term_string\"}}],\"inLanguage\":\"it-IT\"}]}<\/script>\n<!-- \/ Yoast SEO plugin. -->","yoast_head_json":{"title":"GHIRLANDA DECORATIVA HIAMA - Newgarden","description":"La ghirlanda Hiama \u00e8 perfetta per eventi e feste, ma \u00e8 anche ideale per decorare la casa e qualsiasi angolo esterno, giardino, terrazza, attivit\u00e0 commercial","robots":{"index":"index","follow":"follow","max-snippet":"max-snippet:-1","max-image-preview":"max-image-preview:large","max-video-preview":"max-video-preview:-1"},"canonical":"https:\/\/newgarden.es\/it\/shop\/lightdeco-it\/natale\/x4-ghirlanda-decorativa-hiama-per-esterni\/","og_locale":"it_IT","og_type":"article","og_title":"GHIRLANDA DECORATIVA HIAMA - Newgarden","og_description":"La ghirlanda Hiama \u00e8 perfetta per eventi e feste, ma \u00e8 anche ideale per decorare la casa e qualsiasi angolo esterno, giardino, terrazza, attivit\u00e0 commercial","og_url":"https:\/\/newgarden.es\/it\/shop\/lightdeco-it\/natale\/x4-ghirlanda-decorativa-hiama-per-esterni\/","og_site_name":"Newgarden","article_modified_time":"2024-05-28T08:24:44+00:00","og_image":[{"width":1200,"height":1200,"url":"https:\/\/newgarden.es\/wp-content\/uploads\/2023\/02\/HIAMA_GARLAND_1200X1200-6.jpg","type":"image\/jpeg"}],"twitter_card":"summary_large_image","twitter_misc":{"Tempo di lettura stimato":"1 minuto"},"schema":{"@context":"https:\/\/schema.org","@graph":[{"@type":"WebPage","@id":"https:\/\/newgarden.es\/it\/shop\/lightdeco-it\/natale\/x4-ghirlanda-decorativa-hiama-per-esterni\/","url":"https:\/\/newgarden.es\/it\/shop\/lightdeco-it\/natale\/x4-ghirlanda-decorativa-hiama-per-esterni\/","name":"GHIRLANDA DECORATIVA HIAMA - Newgarden","isPartOf":{"@id":"https:\/\/newgarden.es\/#website"},"primaryImageOfPage":{"@id":"https:\/\/newgarden.es\/it\/shop\/lightdeco-it\/natale\/x4-ghirlanda-decorativa-hiama-per-esterni\/#primaryimage"},"image":{"@id":"https:\/\/newgarden.es\/it\/shop\/lightdeco-it\/natale\/x4-ghirlanda-decorativa-hiama-per-esterni\/#primaryimage"},"thumbnailUrl":"https:\/\/newgarden.es\/wp-content\/uploads\/2023\/02\/HIAMA_GARLAND_1200X1200-6.jpg","datePublished":"2023-02-21T13:30:02+00:00","dateModified":"2024-05-28T08:24:44+00:00","description":"La ghirlanda Hiama \u00e8 perfetta per eventi e feste, ma \u00e8 anche ideale per decorare la casa e qualsiasi angolo esterno, giardino, terrazza, attivit\u00e0 commercial","breadcrumb":{"@id":"https:\/\/newgarden.es\/it\/shop\/lightdeco-it\/natale\/x4-ghirlanda-decorativa-hiama-per-esterni\/#breadcrumb"},"inLanguage":"it-IT","potentialAction":[{"@type":"ReadAction","target":["https:\/\/newgarden.es\/it\/shop\/lightdeco-it\/natale\/x4-ghirlanda-decorativa-hiama-per-esterni\/"]}]},{"@type":"ImageObject","inLanguage":"it-IT","@id":"https:\/\/newgarden.es\/it\/shop\/lightdeco-it\/natale\/x4-ghirlanda-decorativa-hiama-per-esterni\/#primaryimage","url":"https:\/\/newgarden.es\/wp-content\/uploads\/2023\/02\/HIAMA_GARLAND_1200X1200-6.jpg","contentUrl":"https:\/\/newgarden.es\/wp-content\/uploads\/2023\/02\/HIAMA_GARLAND_1200X1200-6.jpg","width":1200,"height":1200},{"@type":"BreadcrumbList","@id":"https:\/\/newgarden.es\/it\/shop\/lightdeco-it\/natale\/x4-ghirlanda-decorativa-hiama-per-esterni\/#breadcrumb","itemListElement":[{"@type":"ListItem","position":1,"name":"Home","item":"https:\/\/newgarden.es\/it\/"},{"@type":"ListItem","position":2,"name":"Collezione","item":"https:\/\/newgarden.es\/it\/negozio\/"},{"@type":"ListItem","position":3,"name":"GHIRLANDA DECORATIVA HIAMA"}]},{"@type":"WebSite","@id":"https:\/\/newgarden.es\/#website","url":"https:\/\/newgarden.es\/","name":"Newgarden","description":"Be happy","potentialAction":[{"@type":"SearchAction","target":{"@type":"EntryPoint","urlTemplate":"https:\/\/newgarden.es\/?s={search_term_string}"},"query-input":{"@type":"PropertyValueSpecification","valueRequired":true,"valueName":"search_term_string"}}],"inLanguage":"it-IT"}]}},"df_price":169,"df_sale_price":"","df_regular_price":169,"df_image_link":"https:\/\/newgarden.es\/wp-content\/uploads\/2023\/02\/HIAMA_GARLAND_1200X1200-6-580x400.jpg","_links":{"self":[{"href":"https:\/\/newgarden.es\/it\/wp-json\/wp\/v2\/product\/47469"}],"collection":[{"href":"https:\/\/newgarden.es\/it\/wp-json\/wp\/v2\/product"}],"about":[{"href":"https:\/\/newgarden.es\/it\/wp-json\/wp\/v2\/types\/product"}],"wp:featuredmedia":[{"embeddable":true,"href":"https:\/\/newgarden.es\/it\/wp-json\/wp\/v2\/media\/57887"}],"wp:attachment":[{"href":"https:\/\/newgarden.es\/it\/wp-json\/wp\/v2\/media?parent=47469"}],"wp:term":[{"taxonomy":"product_cat","embeddable":true,"href":"https:\/\/newgarden.es\/it\/wp-json\/wp\/v2\/product_cat?post=47469"},{"taxonomy":"product_tag","embeddable":true,"href":"https:\/\/newgarden.es\/it\/wp-json\/wp\/v2\/product_tag?post=47469"}],"curies":[{"name":"wp","href":"https:\/\/api.w.org\/{rel}","templated":true}]}}