{"id":58390,"date":"2020-10-07T17:25:20","date_gmt":"2020-10-07T15:25:20","guid":{"rendered":"https:\/\/newgarden.es\/shop\/senza-categoria\/ghirlanda-decorativa-bianca\/"},"modified":"2024-05-29T11:31:30","modified_gmt":"2024-05-29T09:31:30","slug":"ghirlanda-decorativa-bianca","status":"publish","type":"product","link":"https:\/\/newgarden.es\/it\/shop\/lightdeco-it\/natale\/ghirlanda-decorativa-bianca\/","title":{"rendered":"GHIRLANDA DECORATIVA BIANCA"},"content":{"rendered":"<section class=\"wpb-content-wrapper\"><p>[vc_row][vc_column][vc_column_text]<b>GHIRLANDA BIANCA<\/b><\/p>\n<p data-sanitized-data-mce-fragment=\"1\">La ghirlanda Bianca \u00e8 perfetta per decorare qualsiasi ambiente della casa. Con 16 stelle trasparenti e la sua luce calda, questa ghirlanda \u00e8 un must sia per la terrazza che per il soggiorno. L&#8217;installazione \u00e8 facile come l&#8217;aggancio con il sistema a clip, che la rende una ghirlanda molto versatile. 16 lampadine LED integrate.<\/p>\n<p>[\/vc_column_text][\/vc_column][\/vc_row][vc_row][vc_column width=&#8221;1\/2&#8243;][vc_btn title=&#8221;SCHEDA TECNICA&#8221; style=&#8221;custom&#8221; custom_background=&#8221;#009bc2&#8243; custom_text=&#8221;#ffffff&#8221; link=&#8221;url:https%3A%2F%2Fbit.ly%2F39Ee1S2|&#8221;][\/vc_column][vc_column width=&#8221;1\/2&#8243;][vc_btn title=&#8221;MANUALE DI ISTRUZIONI&#8221; style=&#8221;custom&#8221; custom_background=&#8221;#009bc2&#8243; custom_text=&#8221;#ffffff&#8221; link=&#8221;url:https%3A%2F%2Fbit.ly%2F3n7oOqI|&#8221;][\/vc_column][\/vc_row]<\/p>\n<\/section>","protected":false},"excerpt":{"rendered":"<p>[vc_row][vc_column][vc_column_text]GHIRLANDA BIANCA La ghirlanda Bianca \u00e8 perfetta per decorare qualsiasi ambiente della casa. Con 16 stelle trasparenti e la sua luce calda, questa ghirlanda \u00e8 un must sia per la<\/p>\n","protected":false},"featured_media":58372,"template":"","meta":[],"product_cat":[974,1577,1227,993],"product_tag":[],"class_list":{"0":"post-58390","1":"product","2":"type-product","3":"status-publish","4":"has-post-thumbnail","6":"product_cat-lightdeco-it","7":"product_cat-ghirlande","8":"product_cat-interni-it","9":"product_cat-natale","11":"first","12":"instock","13":"taxable","14":"shipping-taxable","15":"purchasable","16":"product-type-variable"},"yoast_head":"<!-- This site is optimized with the Yoast SEO plugin v24.2 - https:\/\/yoast.com\/wordpress\/plugins\/seo\/ -->\n<title>Ghirlanda Newgarden BIANCA, con 10 lampadine incluse<\/title>\n<meta name=\"description\" content=\"La ghirlanda BIANCA \u00e8 una delle novit\u00e0 NEWGARDEN. Con le sue 16 stelle trasparenti e la sua luce calda \u00e8 perfetta per interni ed esterni.\" \/>\n<meta name=\"robots\" content=\"index, follow, max-snippet:-1, max-image-preview:large, max-video-preview:-1\" \/>\n<link rel=\"canonical\" href=\"https:\/\/newgarden.es\/it\/shop\/lightdeco-it\/natale\/ghirlanda-decorativa-bianca\/\" \/>\n<meta property=\"og:locale\" content=\"it_IT\" \/>\n<meta property=\"og:type\" content=\"article\" \/>\n<meta property=\"og:title\" content=\"Ghirlanda Newgarden BIANCA, con 10 lampadine incluse\" \/>\n<meta property=\"og:description\" content=\"La ghirlanda BIANCA \u00e8 una delle novit\u00e0 NEWGARDEN. Con le sue 16 stelle trasparenti e la sua luce calda \u00e8 perfetta per interni ed esterni.\" \/>\n<meta property=\"og:url\" content=\"https:\/\/newgarden.es\/it\/shop\/lightdeco-it\/natale\/ghirlanda-decorativa-bianca\/\" \/>\n<meta property=\"og:site_name\" content=\"Newgarden\" \/>\n<meta property=\"article:modified_time\" content=\"2024-05-29T09:31:30+00:00\" \/>\n<meta property=\"og:image\" content=\"https:\/\/newgarden.es\/wp-content\/uploads\/2020\/10\/BIANCA_1200X1200-3.jpg\" \/>\n\t<meta property=\"og:image:width\" content=\"1200\" \/>\n\t<meta property=\"og:image:height\" content=\"1200\" \/>\n\t<meta property=\"og:image:type\" content=\"image\/jpeg\" \/>\n<meta name=\"twitter:card\" content=\"summary_large_image\" \/>\n<meta name=\"twitter:label1\" content=\"Tempo di lettura stimato\" \/>\n\t<meta name=\"twitter:data1\" content=\"1 minuto\" \/>\n<script type=\"application\/ld+json\" class=\"yoast-schema-graph\">{\"@context\":\"https:\/\/schema.org\",\"@graph\":[{\"@type\":\"WebPage\",\"@id\":\"https:\/\/newgarden.es\/it\/shop\/lightdeco-it\/natale\/ghirlanda-decorativa-bianca\/\",\"url\":\"https:\/\/newgarden.es\/it\/shop\/lightdeco-it\/natale\/ghirlanda-decorativa-bianca\/\",\"name\":\"Ghirlanda Newgarden BIANCA, con 10 lampadine incluse\",\"isPartOf\":{\"@id\":\"https:\/\/newgarden.es\/#website\"},\"primaryImageOfPage\":{\"@id\":\"https:\/\/newgarden.es\/it\/shop\/lightdeco-it\/natale\/ghirlanda-decorativa-bianca\/#primaryimage\"},\"image\":{\"@id\":\"https:\/\/newgarden.es\/it\/shop\/lightdeco-it\/natale\/ghirlanda-decorativa-bianca\/#primaryimage\"},\"thumbnailUrl\":\"https:\/\/newgarden.es\/wp-content\/uploads\/2020\/10\/BIANCA_1200X1200-3.jpg\",\"datePublished\":\"2020-10-07T15:25:20+00:00\",\"dateModified\":\"2024-05-29T09:31:30+00:00\",\"description\":\"La ghirlanda BIANCA \u00e8 una delle novit\u00e0 NEWGARDEN. Con le sue 16 stelle trasparenti e la sua luce calda \u00e8 perfetta per interni ed esterni.\",\"breadcrumb\":{\"@id\":\"https:\/\/newgarden.es\/it\/shop\/lightdeco-it\/natale\/ghirlanda-decorativa-bianca\/#breadcrumb\"},\"inLanguage\":\"it-IT\",\"potentialAction\":[{\"@type\":\"ReadAction\",\"target\":[\"https:\/\/newgarden.es\/it\/shop\/lightdeco-it\/natale\/ghirlanda-decorativa-bianca\/\"]}]},{\"@type\":\"ImageObject\",\"inLanguage\":\"it-IT\",\"@id\":\"https:\/\/newgarden.es\/it\/shop\/lightdeco-it\/natale\/ghirlanda-decorativa-bianca\/#primaryimage\",\"url\":\"https:\/\/newgarden.es\/wp-content\/uploads\/2020\/10\/BIANCA_1200X1200-3.jpg\",\"contentUrl\":\"https:\/\/newgarden.es\/wp-content\/uploads\/2020\/10\/BIANCA_1200X1200-3.jpg\",\"width\":1200,\"height\":1200},{\"@type\":\"BreadcrumbList\",\"@id\":\"https:\/\/newgarden.es\/it\/shop\/lightdeco-it\/natale\/ghirlanda-decorativa-bianca\/#breadcrumb\",\"itemListElement\":[{\"@type\":\"ListItem\",\"position\":1,\"name\":\"Home\",\"item\":\"https:\/\/newgarden.es\/it\/\"},{\"@type\":\"ListItem\",\"position\":2,\"name\":\"Collezione\",\"item\":\"https:\/\/newgarden.es\/it\/negozio\/\"},{\"@type\":\"ListItem\",\"position\":3,\"name\":\"GHIRLANDA DECORATIVA BIANCA\"}]},{\"@type\":\"WebSite\",\"@id\":\"https:\/\/newgarden.es\/#website\",\"url\":\"https:\/\/newgarden.es\/\",\"name\":\"Newgarden\",\"description\":\"Be happy\",\"potentialAction\":[{\"@type\":\"SearchAction\",\"target\":{\"@type\":\"EntryPoint\",\"urlTemplate\":\"https:\/\/newgarden.es\/?s={search_term_string}\"},\"query-input\":{\"@type\":\"PropertyValueSpecification\",\"valueRequired\":true,\"valueName\":\"search_term_string\"}}],\"inLanguage\":\"it-IT\"}]}<\/script>\n<!-- \/ Yoast SEO plugin. -->","yoast_head_json":{"title":"Ghirlanda Newgarden BIANCA, con 10 lampadine incluse","description":"La ghirlanda BIANCA \u00e8 una delle novit\u00e0 NEWGARDEN. Con le sue 16 stelle trasparenti e la sua luce calda \u00e8 perfetta per interni ed esterni.","robots":{"index":"index","follow":"follow","max-snippet":"max-snippet:-1","max-image-preview":"max-image-preview:large","max-video-preview":"max-video-preview:-1"},"canonical":"https:\/\/newgarden.es\/it\/shop\/lightdeco-it\/natale\/ghirlanda-decorativa-bianca\/","og_locale":"it_IT","og_type":"article","og_title":"Ghirlanda Newgarden BIANCA, con 10 lampadine incluse","og_description":"La ghirlanda BIANCA \u00e8 una delle novit\u00e0 NEWGARDEN. Con le sue 16 stelle trasparenti e la sua luce calda \u00e8 perfetta per interni ed esterni.","og_url":"https:\/\/newgarden.es\/it\/shop\/lightdeco-it\/natale\/ghirlanda-decorativa-bianca\/","og_site_name":"Newgarden","article_modified_time":"2024-05-29T09:31:30+00:00","og_image":[{"width":1200,"height":1200,"url":"https:\/\/newgarden.es\/wp-content\/uploads\/2020\/10\/BIANCA_1200X1200-3.jpg","type":"image\/jpeg"}],"twitter_card":"summary_large_image","twitter_misc":{"Tempo di lettura stimato":"1 minuto"},"schema":{"@context":"https:\/\/schema.org","@graph":[{"@type":"WebPage","@id":"https:\/\/newgarden.es\/it\/shop\/lightdeco-it\/natale\/ghirlanda-decorativa-bianca\/","url":"https:\/\/newgarden.es\/it\/shop\/lightdeco-it\/natale\/ghirlanda-decorativa-bianca\/","name":"Ghirlanda Newgarden BIANCA, con 10 lampadine incluse","isPartOf":{"@id":"https:\/\/newgarden.es\/#website"},"primaryImageOfPage":{"@id":"https:\/\/newgarden.es\/it\/shop\/lightdeco-it\/natale\/ghirlanda-decorativa-bianca\/#primaryimage"},"image":{"@id":"https:\/\/newgarden.es\/it\/shop\/lightdeco-it\/natale\/ghirlanda-decorativa-bianca\/#primaryimage"},"thumbnailUrl":"https:\/\/newgarden.es\/wp-content\/uploads\/2020\/10\/BIANCA_1200X1200-3.jpg","datePublished":"2020-10-07T15:25:20+00:00","dateModified":"2024-05-29T09:31:30+00:00","description":"La ghirlanda BIANCA \u00e8 una delle novit\u00e0 NEWGARDEN. Con le sue 16 stelle trasparenti e la sua luce calda \u00e8 perfetta per interni ed esterni.","breadcrumb":{"@id":"https:\/\/newgarden.es\/it\/shop\/lightdeco-it\/natale\/ghirlanda-decorativa-bianca\/#breadcrumb"},"inLanguage":"it-IT","potentialAction":[{"@type":"ReadAction","target":["https:\/\/newgarden.es\/it\/shop\/lightdeco-it\/natale\/ghirlanda-decorativa-bianca\/"]}]},{"@type":"ImageObject","inLanguage":"it-IT","@id":"https:\/\/newgarden.es\/it\/shop\/lightdeco-it\/natale\/ghirlanda-decorativa-bianca\/#primaryimage","url":"https:\/\/newgarden.es\/wp-content\/uploads\/2020\/10\/BIANCA_1200X1200-3.jpg","contentUrl":"https:\/\/newgarden.es\/wp-content\/uploads\/2020\/10\/BIANCA_1200X1200-3.jpg","width":1200,"height":1200},{"@type":"BreadcrumbList","@id":"https:\/\/newgarden.es\/it\/shop\/lightdeco-it\/natale\/ghirlanda-decorativa-bianca\/#breadcrumb","itemListElement":[{"@type":"ListItem","position":1,"name":"Home","item":"https:\/\/newgarden.es\/it\/"},{"@type":"ListItem","position":2,"name":"Collezione","item":"https:\/\/newgarden.es\/it\/negozio\/"},{"@type":"ListItem","position":3,"name":"GHIRLANDA DECORATIVA BIANCA"}]},{"@type":"WebSite","@id":"https:\/\/newgarden.es\/#website","url":"https:\/\/newgarden.es\/","name":"Newgarden","description":"Be happy","potentialAction":[{"@type":"SearchAction","target":{"@type":"EntryPoint","urlTemplate":"https:\/\/newgarden.es\/?s={search_term_string}"},"query-input":{"@type":"PropertyValueSpecification","valueRequired":true,"valueName":"search_term_string"}}],"inLanguage":"it-IT"}]}},"df_price":56.4,"df_sale_price":"","df_regular_price":56.4,"df_image_link":"https:\/\/newgarden.es\/wp-content\/uploads\/2020\/10\/BIANCA_1200X1200-3-580x400.jpg","_links":{"self":[{"href":"https:\/\/newgarden.es\/it\/wp-json\/wp\/v2\/product\/58390"}],"collection":[{"href":"https:\/\/newgarden.es\/it\/wp-json\/wp\/v2\/product"}],"about":[{"href":"https:\/\/newgarden.es\/it\/wp-json\/wp\/v2\/types\/product"}],"wp:featuredmedia":[{"embeddable":true,"href":"https:\/\/newgarden.es\/it\/wp-json\/wp\/v2\/media\/58372"}],"wp:attachment":[{"href":"https:\/\/newgarden.es\/it\/wp-json\/wp\/v2\/media?parent=58390"}],"wp:term":[{"taxonomy":"product_cat","embeddable":true,"href":"https:\/\/newgarden.es\/it\/wp-json\/wp\/v2\/product_cat?post=58390"},{"taxonomy":"product_tag","embeddable":true,"href":"https:\/\/newgarden.es\/it\/wp-json\/wp\/v2\/product_tag?post=58390"}],"curies":[{"name":"wp","href":"https:\/\/api.w.org\/{rel}","templated":true}]}}