{"id":64643,"date":"2020-02-19T13:44:04","date_gmt":"2020-02-19T12:44:04","guid":{"rendered":"https:\/\/newgarden.es\/shop\/senza-categoria\/mesa-cuadrada-de-color-bora\/"},"modified":"2024-06-13T09:37:36","modified_gmt":"2024-06-13T07:37:36","slug":"mesa-cuadrada-de-color-bora","status":"publish","type":"product","link":"https:\/\/newgarden.es\/it\/shop\/mobili\/seggiole\/mesa-cuadrada-de-color-bora\/","title":{"rendered":"TAVOLO QUADRATO IN COLORE BORA"},"content":{"rendered":"<section class=\"wpb-content-wrapper\"><p>[vc_row][vc_column el_class=&#8221;descripcion_producto&#8221;][vc_column_text]<br \/>\nIl tavolino Bora \u00e8 una delle novit\u00e0 di punta di Newgarden.<\/p>\n<p>La sua forma cubica si adatta a qualsiasi spazio esterno o interno, al giardino, all&#8217;azienda o a qualsiasi angolo della nostra casa.<\/p>\n<p>\u00c8 un modello di tavolino molto stabile e modulare, che si pu\u00f2 trovare con piano in bamb\u00f9 o effetto marmo. \u00c8 disponibile anche con l&#8217;opzione di illuminazione a cavo a luce fredda e in bianco opaco.<\/p>\n<p>Il modello Bora \u00e8 realizzato in polietilene, quindi \u00e8 leggero e molto resistente alle temperature estreme. \u00c8 inoltre protetto dai raggi UV, il che rende la durata del prodotto straordinariamente lunga.<br \/>\n[\/vc_column_text][\/vc_column][\/vc_row][vc_row disable_element=&#8221;yes&#8221;][vc_column][vc_single_image image=&#8221;6566&#8243; img_size=&#8221;full&#8221;][\/vc_column][\/vc_row][vc_row][vc_column width=&#8221;1\/2&#8243;][vc_btn title=&#8221;SCHEDA TECNICA&#8221; style=&#8221;custom&#8221; custom_background=&#8221;#009bc2&#8243; custom_text=&#8221;#ffffff&#8221; shape=&#8221;square&#8221; link=&#8221;url:https%3A%2F%2Fbit.ly%2F3ycMLDj|target:%20_blank|&#8221; el_class=&#8221;btn_descargar_ficha&#8221;][\/vc_column][vc_column width=&#8221;1\/2&#8243;][\/vc_column][\/vc_row]<\/p>\n<\/section>","protected":false},"excerpt":{"rendered":"<h1 style=\"font-size: 12px;\">ASIENTO CUADRADO DE COLOR BORA<\/h1>\n","protected":false},"featured_media":63418,"template":"","meta":[],"product_cat":[974,977,971],"product_tag":[955,962,961],"class_list":{"0":"post-64643","1":"product","2":"type-product","3":"status-publish","4":"has-post-thumbnail","6":"product_cat-lightdeco-it","7":"product_cat-mobili","8":"product_cat-seggiole","9":"product_tag-cavo","10":"product_tag-senza-fili-it","11":"product_tag-solare","13":"first","14":"instock","15":"taxable","16":"shipping-taxable","17":"purchasable","18":"product-type-variable"},"yoast_head":"<!-- This site is optimized with the Yoast SEO plugin v24.2 - https:\/\/yoast.com\/wordpress\/plugins\/seo\/ -->\n<title>Bora, Mesita de dise\u00f1o en color opaco | Newgarden<\/title>\n<meta name=\"description\" content=\"Bora es una mesa de dise\u00f1o con forma c\u00fabica que combina en cualquier espacio de exterior o interior, jard\u00edn, negocio o en cualquier rinc\u00f3n de nuestro hogar.\" \/>\n<meta name=\"robots\" content=\"index, follow, max-snippet:-1, max-image-preview:large, max-video-preview:-1\" \/>\n<link rel=\"canonical\" href=\"https:\/\/newgarden.es\/it\/shop\/mobili\/seggiole\/mesa-cuadrada-de-color-bora\/\" \/>\n<meta property=\"og:locale\" content=\"it_IT\" \/>\n<meta property=\"og:type\" content=\"article\" \/>\n<meta property=\"og:title\" content=\"Bora, Mesita de dise\u00f1o en color opaco | Newgarden\" \/>\n<meta property=\"og:description\" content=\"Bora es una mesa de dise\u00f1o con forma c\u00fabica que combina en cualquier espacio de exterior o interior, jard\u00edn, negocio o en cualquier rinc\u00f3n de nuestro hogar.\" \/>\n<meta property=\"og:url\" content=\"https:\/\/newgarden.es\/it\/shop\/mobili\/seggiole\/mesa-cuadrada-de-color-bora\/\" \/>\n<meta property=\"og:site_name\" content=\"Newgarden\" \/>\n<meta property=\"article:modified_time\" content=\"2024-06-13T07:37:36+00:00\" \/>\n<meta property=\"og:image\" content=\"https:\/\/newgarden.es\/wp-content\/uploads\/2020\/02\/bora_1200x1200-6.jpg\" \/>\n\t<meta property=\"og:image:width\" content=\"1200\" \/>\n\t<meta property=\"og:image:height\" content=\"1200\" \/>\n\t<meta property=\"og:image:type\" content=\"image\/jpeg\" \/>\n<meta name=\"twitter:card\" content=\"summary_large_image\" \/>\n<meta name=\"twitter:label1\" content=\"Tempo di lettura stimato\" \/>\n\t<meta name=\"twitter:data1\" content=\"1 minuto\" \/>\n<script type=\"application\/ld+json\" class=\"yoast-schema-graph\">{\"@context\":\"https:\/\/schema.org\",\"@graph\":[{\"@type\":\"WebPage\",\"@id\":\"https:\/\/newgarden.es\/it\/shop\/mobili\/seggiole\/mesa-cuadrada-de-color-bora\/\",\"url\":\"https:\/\/newgarden.es\/it\/shop\/mobili\/seggiole\/mesa-cuadrada-de-color-bora\/\",\"name\":\"Bora, Mesita de dise\u00f1o en color opaco | Newgarden\",\"isPartOf\":{\"@id\":\"https:\/\/newgarden.es\/#website\"},\"primaryImageOfPage\":{\"@id\":\"https:\/\/newgarden.es\/it\/shop\/mobili\/seggiole\/mesa-cuadrada-de-color-bora\/#primaryimage\"},\"image\":{\"@id\":\"https:\/\/newgarden.es\/it\/shop\/mobili\/seggiole\/mesa-cuadrada-de-color-bora\/#primaryimage\"},\"thumbnailUrl\":\"https:\/\/newgarden.es\/wp-content\/uploads\/2020\/02\/bora_1200x1200-6.jpg\",\"datePublished\":\"2020-02-19T12:44:04+00:00\",\"dateModified\":\"2024-06-13T07:37:36+00:00\",\"description\":\"Bora es una mesa de dise\u00f1o con forma c\u00fabica que combina en cualquier espacio de exterior o interior, jard\u00edn, negocio o en cualquier rinc\u00f3n de nuestro hogar.\",\"breadcrumb\":{\"@id\":\"https:\/\/newgarden.es\/it\/shop\/mobili\/seggiole\/mesa-cuadrada-de-color-bora\/#breadcrumb\"},\"inLanguage\":\"it-IT\",\"potentialAction\":[{\"@type\":\"ReadAction\",\"target\":[\"https:\/\/newgarden.es\/it\/shop\/mobili\/seggiole\/mesa-cuadrada-de-color-bora\/\"]}]},{\"@type\":\"ImageObject\",\"inLanguage\":\"it-IT\",\"@id\":\"https:\/\/newgarden.es\/it\/shop\/mobili\/seggiole\/mesa-cuadrada-de-color-bora\/#primaryimage\",\"url\":\"https:\/\/newgarden.es\/wp-content\/uploads\/2020\/02\/bora_1200x1200-6.jpg\",\"contentUrl\":\"https:\/\/newgarden.es\/wp-content\/uploads\/2020\/02\/bora_1200x1200-6.jpg\",\"width\":1200,\"height\":1200},{\"@type\":\"BreadcrumbList\",\"@id\":\"https:\/\/newgarden.es\/it\/shop\/mobili\/seggiole\/mesa-cuadrada-de-color-bora\/#breadcrumb\",\"itemListElement\":[{\"@type\":\"ListItem\",\"position\":1,\"name\":\"Home\",\"item\":\"https:\/\/newgarden.es\/it\/\"},{\"@type\":\"ListItem\",\"position\":2,\"name\":\"Collezione\",\"item\":\"https:\/\/newgarden.es\/it\/negozio\/\"},{\"@type\":\"ListItem\",\"position\":3,\"name\":\"TAVOLO QUADRATO IN COLORE BORA\"}]},{\"@type\":\"WebSite\",\"@id\":\"https:\/\/newgarden.es\/#website\",\"url\":\"https:\/\/newgarden.es\/\",\"name\":\"Newgarden\",\"description\":\"Be happy\",\"potentialAction\":[{\"@type\":\"SearchAction\",\"target\":{\"@type\":\"EntryPoint\",\"urlTemplate\":\"https:\/\/newgarden.es\/?s={search_term_string}\"},\"query-input\":{\"@type\":\"PropertyValueSpecification\",\"valueRequired\":true,\"valueName\":\"search_term_string\"}}],\"inLanguage\":\"it-IT\"}]}<\/script>\n<!-- \/ Yoast SEO plugin. -->","yoast_head_json":{"title":"Bora, Mesita de dise\u00f1o en color opaco | Newgarden","description":"Bora es una mesa de dise\u00f1o con forma c\u00fabica que combina en cualquier espacio de exterior o interior, jard\u00edn, negocio o en cualquier rinc\u00f3n de nuestro hogar.","robots":{"index":"index","follow":"follow","max-snippet":"max-snippet:-1","max-image-preview":"max-image-preview:large","max-video-preview":"max-video-preview:-1"},"canonical":"https:\/\/newgarden.es\/it\/shop\/mobili\/seggiole\/mesa-cuadrada-de-color-bora\/","og_locale":"it_IT","og_type":"article","og_title":"Bora, Mesita de dise\u00f1o en color opaco | Newgarden","og_description":"Bora es una mesa de dise\u00f1o con forma c\u00fabica que combina en cualquier espacio de exterior o interior, jard\u00edn, negocio o en cualquier rinc\u00f3n de nuestro hogar.","og_url":"https:\/\/newgarden.es\/it\/shop\/mobili\/seggiole\/mesa-cuadrada-de-color-bora\/","og_site_name":"Newgarden","article_modified_time":"2024-06-13T07:37:36+00:00","og_image":[{"width":1200,"height":1200,"url":"https:\/\/newgarden.es\/wp-content\/uploads\/2020\/02\/bora_1200x1200-6.jpg","type":"image\/jpeg"}],"twitter_card":"summary_large_image","twitter_misc":{"Tempo di lettura stimato":"1 minuto"},"schema":{"@context":"https:\/\/schema.org","@graph":[{"@type":"WebPage","@id":"https:\/\/newgarden.es\/it\/shop\/mobili\/seggiole\/mesa-cuadrada-de-color-bora\/","url":"https:\/\/newgarden.es\/it\/shop\/mobili\/seggiole\/mesa-cuadrada-de-color-bora\/","name":"Bora, Mesita de dise\u00f1o en color opaco | Newgarden","isPartOf":{"@id":"https:\/\/newgarden.es\/#website"},"primaryImageOfPage":{"@id":"https:\/\/newgarden.es\/it\/shop\/mobili\/seggiole\/mesa-cuadrada-de-color-bora\/#primaryimage"},"image":{"@id":"https:\/\/newgarden.es\/it\/shop\/mobili\/seggiole\/mesa-cuadrada-de-color-bora\/#primaryimage"},"thumbnailUrl":"https:\/\/newgarden.es\/wp-content\/uploads\/2020\/02\/bora_1200x1200-6.jpg","datePublished":"2020-02-19T12:44:04+00:00","dateModified":"2024-06-13T07:37:36+00:00","description":"Bora es una mesa de dise\u00f1o con forma c\u00fabica que combina en cualquier espacio de exterior o interior, jard\u00edn, negocio o en cualquier rinc\u00f3n de nuestro hogar.","breadcrumb":{"@id":"https:\/\/newgarden.es\/it\/shop\/mobili\/seggiole\/mesa-cuadrada-de-color-bora\/#breadcrumb"},"inLanguage":"it-IT","potentialAction":[{"@type":"ReadAction","target":["https:\/\/newgarden.es\/it\/shop\/mobili\/seggiole\/mesa-cuadrada-de-color-bora\/"]}]},{"@type":"ImageObject","inLanguage":"it-IT","@id":"https:\/\/newgarden.es\/it\/shop\/mobili\/seggiole\/mesa-cuadrada-de-color-bora\/#primaryimage","url":"https:\/\/newgarden.es\/wp-content\/uploads\/2020\/02\/bora_1200x1200-6.jpg","contentUrl":"https:\/\/newgarden.es\/wp-content\/uploads\/2020\/02\/bora_1200x1200-6.jpg","width":1200,"height":1200},{"@type":"BreadcrumbList","@id":"https:\/\/newgarden.es\/it\/shop\/mobili\/seggiole\/mesa-cuadrada-de-color-bora\/#breadcrumb","itemListElement":[{"@type":"ListItem","position":1,"name":"Home","item":"https:\/\/newgarden.es\/it\/"},{"@type":"ListItem","position":2,"name":"Collezione","item":"https:\/\/newgarden.es\/it\/negozio\/"},{"@type":"ListItem","position":3,"name":"TAVOLO QUADRATO IN COLORE BORA"}]},{"@type":"WebSite","@id":"https:\/\/newgarden.es\/#website","url":"https:\/\/newgarden.es\/","name":"Newgarden","description":"Be happy","potentialAction":[{"@type":"SearchAction","target":{"@type":"EntryPoint","urlTemplate":"https:\/\/newgarden.es\/?s={search_term_string}"},"query-input":{"@type":"PropertyValueSpecification","valueRequired":true,"valueName":"search_term_string"}}],"inLanguage":"it-IT"}]}},"df_price":119,"df_sale_price":"","df_regular_price":119,"df_image_link":"https:\/\/newgarden.es\/wp-content\/uploads\/2020\/02\/bora_1200x1200-6-580x400.jpg","_links":{"self":[{"href":"https:\/\/newgarden.es\/it\/wp-json\/wp\/v2\/product\/64643"}],"collection":[{"href":"https:\/\/newgarden.es\/it\/wp-json\/wp\/v2\/product"}],"about":[{"href":"https:\/\/newgarden.es\/it\/wp-json\/wp\/v2\/types\/product"}],"wp:featuredmedia":[{"embeddable":true,"href":"https:\/\/newgarden.es\/it\/wp-json\/wp\/v2\/media\/63418"}],"wp:attachment":[{"href":"https:\/\/newgarden.es\/it\/wp-json\/wp\/v2\/media?parent=64643"}],"wp:term":[{"taxonomy":"product_cat","embeddable":true,"href":"https:\/\/newgarden.es\/it\/wp-json\/wp\/v2\/product_cat?post=64643"},{"taxonomy":"product_tag","embeddable":true,"href":"https:\/\/newgarden.es\/it\/wp-json\/wp\/v2\/product_tag?post=64643"}],"curies":[{"name":"wp","href":"https:\/\/api.w.org\/{rel}","templated":true}]}}