{"id":66413,"date":"2024-07-02T13:21:05","date_gmt":"2024-07-02T11:21:22","guid":{"rendered":"https:\/\/newgarden.es\/?post_type=product&#038;p=66413"},"modified":"2024-07-02T14:07:48","modified_gmt":"2024-07-02T12:07:48","slug":"lampada-da-tavolo-senza-fili-lola-12-lux","status":"publish","type":"product","link":"https:\/\/newgarden.es\/it\/lampada-da-tavolo-senza-fili-lola-12-lux","title":{"rendered":"LAMPADA DA TAVOLO SENZA FILI LOLA 12 LUX"},"content":{"rendered":"<section class=\"wpb-content-wrapper\"><p>[vc_row][vc_column el_class=&#8221;descripcion_producto&#8221;][vc_column_text]Scopri la lampada da tavolo LOLA 20 LUX, progettata per elevare l&#8217;estetica e la sofisticazione ovunque. Realizzata in resistente poliammide trasparente, questa lampada non solo illumina, ma diventa anche un pezzo decorativo unico grazie alle sue zone tipo specchio. Il suo design distintivo ed elegante la rende perfetta per spazi in cui si cerca un tocco di originalit\u00e0 e stile. LOLA 20 LUX incorpora un sistema di illuminazione LED integrato con luce calda di 3000\u00baK, fornendo un&#8217;atmosfera accogliente e piacevole. L&#8217;intensit\u00e0 della luce \u00e8 regolabile, consentendoti di adattarla a diverse occasioni e preferenze. Con una dimensione compatta di \u00f811 x 20 cm, LOLA 20 LUX \u00e8 versatile e facile da integrare in qualsiasi ambiente. La sua autonomia impressionante raggiunge le 50 ore, garantendo un uso prolungato senza preoccupazioni. Questo modello in particolare, LOLA, \u00e8 diventato l&#8217;icona della famiglia di prodotti Newgarden, essendo il pi\u00f9 venduto sul mercato europeo grazie alla sua forma distintiva che ha conquistato un pubblico desideroso di design e funzionalit\u00e0. Illumina e abbellisci i tuoi spazi con LOLA 20 LUX, la scelta perfetta per coloro che cercano qualit\u00e0, stile e durata in una lampada da tavolo.<\/p>\n<ul>\n<li>\n<div class=\"name\"><strong>DIMENSIONE<\/strong><\/div>\n<div class=\"data\">\u00f86,6 x 12 cm<\/div>\n<\/li>\n<\/ul>\n<p>[\/vc_column_text][\/vc_column][\/vc_row][vc_row disable_element=&#8221;yes&#8221;][vc_column][vc_single_image image=&#8221;6566&#8243; img_size=&#8221;full&#8221;][\/vc_column][\/vc_row][vc_row][vc_column width=&#8221;1\/2&#8243;][vc_btn title=&#8221;SCHEDA TECNICA BATTERIE&#8221; style=&#8221;custom&#8221; custom_background=&#8221;#009bc2&#8243; custom_text=&#8221;#ffffff&#8221; shape=&#8221;square&#8221; link=&#8221;url:https%3A%2F%2Facortar.link%2FDFoofQ|target:_blank|&#8221; el_class=&#8221;btn_descargar_ficha&#8221;][\/vc_column][vc_column width=&#8221;1\/2&#8243;][vc_btn title=&#8221;MANUALE D&#8217;ISTRUZIONI BATTERIE&#8221; style=&#8221;custom&#8221; custom_background=&#8221;#009bc2&#8243; custom_text=&#8221;#ffffff&#8221; shape=&#8221;square&#8221; link=&#8221;url:https%3A%2F%2Facortar.link%2FcqQP3x|target:_blank|&#8221; el_class=&#8221;btn_descargar_ficha&#8221;][\/vc_column][\/vc_row]<\/p>\n<\/section>","protected":false},"excerpt":{"rendered":"<h1 style=\"font-size: 12px;\">LAMPADA DA TAVOLO SENZA FILI LOLA 12 LUX<\/h1>\n","protected":false},"featured_media":66428,"template":"","meta":[],"product_cat":[1697,974,983,1227,1588],"product_tag":[953,1228],"class_list":{"0":"post-66413","1":"product","2":"type-product","3":"status-publish","4":"has-post-thumbnail","6":"product_cat-productos-it","7":"product_cat-lightdeco-it","8":"product_cat-lampade-da-tavolo","9":"product_cat-interni-it","10":"product_cat-interni-it-it","11":"product_tag-batteria","12":"product_tag-interni-it","14":"first","15":"instock","16":"taxable","17":"shipping-taxable","18":"purchasable","19":"product-type-variable","20":"has-default-attributes"},"yoast_head":"<!-- This site is optimized with the Yoast SEO plugin v24.2 - https:\/\/yoast.com\/wordpress\/plugins\/seo\/ -->\n<title>Lampada Da Tavolo Senza Fili Lola 12 Lux - Newgarden<\/title>\n<meta name=\"description\" content=\"LOLA \u00e8 considerata l&#039;icona della famiglia di prodotti Newgarden. Con il suo design unico, \u00e8 stato il nostro prodotto pi\u00f9 venduto sul mercato.\" \/>\n<meta name=\"robots\" content=\"index, follow, max-snippet:-1, max-image-preview:large, max-video-preview:-1\" \/>\n<link rel=\"canonical\" href=\"https:\/\/newgarden.es\/it\/lampada-da-tavolo-senza-fili-lola-12-lux\/\" \/>\n<meta property=\"og:locale\" content=\"it_IT\" \/>\n<meta property=\"og:type\" content=\"article\" \/>\n<meta property=\"og:title\" content=\"Lampada Da Tavolo Senza Fili Lola 12 Lux - Newgarden\" \/>\n<meta property=\"og:description\" content=\"LOLA \u00e8 considerata l&#039;icona della famiglia di prodotti Newgarden. Con il suo design unico, \u00e8 stato il nostro prodotto pi\u00f9 venduto sul mercato.\" \/>\n<meta property=\"og:url\" content=\"https:\/\/newgarden.es\/it\/lampada-da-tavolo-senza-fili-lola-12-lux\/\" \/>\n<meta property=\"og:site_name\" content=\"Newgarden\" \/>\n<meta property=\"article:modified_time\" content=\"2024-07-02T12:07:48+00:00\" \/>\n<meta property=\"og:image\" content=\"https:\/\/newgarden.es\/wp-content\/uploads\/2024\/07\/LOLA_12_LUX_1200X1200-1.jpg\" \/>\n\t<meta property=\"og:image:width\" content=\"1200\" \/>\n\t<meta property=\"og:image:height\" content=\"1200\" \/>\n\t<meta property=\"og:image:type\" content=\"image\/jpeg\" \/>\n<meta name=\"twitter:card\" content=\"summary_large_image\" \/>\n<meta name=\"twitter:label1\" content=\"Tempo di lettura stimato\" \/>\n\t<meta name=\"twitter:data1\" content=\"2 minuti\" \/>\n<script type=\"application\/ld+json\" class=\"yoast-schema-graph\">{\"@context\":\"https:\/\/schema.org\",\"@graph\":[{\"@type\":\"WebPage\",\"@id\":\"https:\/\/newgarden.es\/it\/lampada-da-tavolo-senza-fili-lola-12-lux\/\",\"url\":\"https:\/\/newgarden.es\/it\/lampada-da-tavolo-senza-fili-lola-12-lux\/\",\"name\":\"Lampada Da Tavolo Senza Fili Lola 12 Lux - Newgarden\",\"isPartOf\":{\"@id\":\"https:\/\/newgarden.es\/#website\"},\"primaryImageOfPage\":{\"@id\":\"https:\/\/newgarden.es\/it\/lampada-da-tavolo-senza-fili-lola-12-lux\/#primaryimage\"},\"image\":{\"@id\":\"https:\/\/newgarden.es\/it\/lampada-da-tavolo-senza-fili-lola-12-lux\/#primaryimage\"},\"thumbnailUrl\":\"https:\/\/newgarden.es\/wp-content\/uploads\/2024\/07\/LOLA_12_LUX_1200X1200-1.jpg\",\"datePublished\":\"2024-07-02T11:21:22+00:00\",\"dateModified\":\"2024-07-02T12:07:48+00:00\",\"description\":\"LOLA \u00e8 considerata l'icona della famiglia di prodotti Newgarden. Con il suo design unico, \u00e8 stato il nostro prodotto pi\u00f9 venduto sul mercato.\",\"breadcrumb\":{\"@id\":\"https:\/\/newgarden.es\/it\/lampada-da-tavolo-senza-fili-lola-12-lux\/#breadcrumb\"},\"inLanguage\":\"it-IT\",\"potentialAction\":[{\"@type\":\"ReadAction\",\"target\":[\"https:\/\/newgarden.es\/it\/lampada-da-tavolo-senza-fili-lola-12-lux\/\"]}]},{\"@type\":\"ImageObject\",\"inLanguage\":\"it-IT\",\"@id\":\"https:\/\/newgarden.es\/it\/lampada-da-tavolo-senza-fili-lola-12-lux\/#primaryimage\",\"url\":\"https:\/\/newgarden.es\/wp-content\/uploads\/2024\/07\/LOLA_12_LUX_1200X1200-1.jpg\",\"contentUrl\":\"https:\/\/newgarden.es\/wp-content\/uploads\/2024\/07\/LOLA_12_LUX_1200X1200-1.jpg\",\"width\":1200,\"height\":1200},{\"@type\":\"BreadcrumbList\",\"@id\":\"https:\/\/newgarden.es\/it\/lampada-da-tavolo-senza-fili-lola-12-lux\/#breadcrumb\",\"itemListElement\":[{\"@type\":\"ListItem\",\"position\":1,\"name\":\"Home\",\"item\":\"https:\/\/newgarden.es\/it\/\"},{\"@type\":\"ListItem\",\"position\":2,\"name\":\"Collezione\",\"item\":\"https:\/\/newgarden.es\/it\/negozio\/\"},{\"@type\":\"ListItem\",\"position\":3,\"name\":\"LAMPADA DA TAVOLO SENZA FILI LOLA 12 LUX\"}]},{\"@type\":\"WebSite\",\"@id\":\"https:\/\/newgarden.es\/#website\",\"url\":\"https:\/\/newgarden.es\/\",\"name\":\"Newgarden\",\"description\":\"Be happy\",\"potentialAction\":[{\"@type\":\"SearchAction\",\"target\":{\"@type\":\"EntryPoint\",\"urlTemplate\":\"https:\/\/newgarden.es\/?s={search_term_string}\"},\"query-input\":{\"@type\":\"PropertyValueSpecification\",\"valueRequired\":true,\"valueName\":\"search_term_string\"}}],\"inLanguage\":\"it-IT\"}]}<\/script>\n<!-- \/ Yoast SEO plugin. -->","yoast_head_json":{"title":"Lampada Da Tavolo Senza Fili Lola 12 Lux - Newgarden","description":"LOLA \u00e8 considerata l'icona della famiglia di prodotti Newgarden. Con il suo design unico, \u00e8 stato il nostro prodotto pi\u00f9 venduto sul mercato.","robots":{"index":"index","follow":"follow","max-snippet":"max-snippet:-1","max-image-preview":"max-image-preview:large","max-video-preview":"max-video-preview:-1"},"canonical":"https:\/\/newgarden.es\/it\/lampada-da-tavolo-senza-fili-lola-12-lux\/","og_locale":"it_IT","og_type":"article","og_title":"Lampada Da Tavolo Senza Fili Lola 12 Lux - Newgarden","og_description":"LOLA \u00e8 considerata l'icona della famiglia di prodotti Newgarden. Con il suo design unico, \u00e8 stato il nostro prodotto pi\u00f9 venduto sul mercato.","og_url":"https:\/\/newgarden.es\/it\/lampada-da-tavolo-senza-fili-lola-12-lux\/","og_site_name":"Newgarden","article_modified_time":"2024-07-02T12:07:48+00:00","og_image":[{"width":1200,"height":1200,"url":"https:\/\/newgarden.es\/wp-content\/uploads\/2024\/07\/LOLA_12_LUX_1200X1200-1.jpg","type":"image\/jpeg"}],"twitter_card":"summary_large_image","twitter_misc":{"Tempo di lettura stimato":"2 minuti"},"schema":{"@context":"https:\/\/schema.org","@graph":[{"@type":"WebPage","@id":"https:\/\/newgarden.es\/it\/lampada-da-tavolo-senza-fili-lola-12-lux\/","url":"https:\/\/newgarden.es\/it\/lampada-da-tavolo-senza-fili-lola-12-lux\/","name":"Lampada Da Tavolo Senza Fili Lola 12 Lux - Newgarden","isPartOf":{"@id":"https:\/\/newgarden.es\/#website"},"primaryImageOfPage":{"@id":"https:\/\/newgarden.es\/it\/lampada-da-tavolo-senza-fili-lola-12-lux\/#primaryimage"},"image":{"@id":"https:\/\/newgarden.es\/it\/lampada-da-tavolo-senza-fili-lola-12-lux\/#primaryimage"},"thumbnailUrl":"https:\/\/newgarden.es\/wp-content\/uploads\/2024\/07\/LOLA_12_LUX_1200X1200-1.jpg","datePublished":"2024-07-02T11:21:22+00:00","dateModified":"2024-07-02T12:07:48+00:00","description":"LOLA \u00e8 considerata l'icona della famiglia di prodotti Newgarden. Con il suo design unico, \u00e8 stato il nostro prodotto pi\u00f9 venduto sul mercato.","breadcrumb":{"@id":"https:\/\/newgarden.es\/it\/lampada-da-tavolo-senza-fili-lola-12-lux\/#breadcrumb"},"inLanguage":"it-IT","potentialAction":[{"@type":"ReadAction","target":["https:\/\/newgarden.es\/it\/lampada-da-tavolo-senza-fili-lola-12-lux\/"]}]},{"@type":"ImageObject","inLanguage":"it-IT","@id":"https:\/\/newgarden.es\/it\/lampada-da-tavolo-senza-fili-lola-12-lux\/#primaryimage","url":"https:\/\/newgarden.es\/wp-content\/uploads\/2024\/07\/LOLA_12_LUX_1200X1200-1.jpg","contentUrl":"https:\/\/newgarden.es\/wp-content\/uploads\/2024\/07\/LOLA_12_LUX_1200X1200-1.jpg","width":1200,"height":1200},{"@type":"BreadcrumbList","@id":"https:\/\/newgarden.es\/it\/lampada-da-tavolo-senza-fili-lola-12-lux\/#breadcrumb","itemListElement":[{"@type":"ListItem","position":1,"name":"Home","item":"https:\/\/newgarden.es\/it\/"},{"@type":"ListItem","position":2,"name":"Collezione","item":"https:\/\/newgarden.es\/it\/negozio\/"},{"@type":"ListItem","position":3,"name":"LAMPADA DA TAVOLO SENZA FILI LOLA 12 LUX"}]},{"@type":"WebSite","@id":"https:\/\/newgarden.es\/#website","url":"https:\/\/newgarden.es\/","name":"Newgarden","description":"Be happy","potentialAction":[{"@type":"SearchAction","target":{"@type":"EntryPoint","urlTemplate":"https:\/\/newgarden.es\/?s={search_term_string}"},"query-input":{"@type":"PropertyValueSpecification","valueRequired":true,"valueName":"search_term_string"}}],"inLanguage":"it-IT"}]}},"df_price":15.4,"df_sale_price":"","df_regular_price":15.4,"df_image_link":"https:\/\/newgarden.es\/wp-content\/uploads\/2024\/07\/LOLA_12_LUX_1200X1200-1-580x400.jpg","_links":{"self":[{"href":"https:\/\/newgarden.es\/it\/wp-json\/wp\/v2\/product\/66413"}],"collection":[{"href":"https:\/\/newgarden.es\/it\/wp-json\/wp\/v2\/product"}],"about":[{"href":"https:\/\/newgarden.es\/it\/wp-json\/wp\/v2\/types\/product"}],"wp:featuredmedia":[{"embeddable":true,"href":"https:\/\/newgarden.es\/it\/wp-json\/wp\/v2\/media\/66428"}],"wp:attachment":[{"href":"https:\/\/newgarden.es\/it\/wp-json\/wp\/v2\/media?parent=66413"}],"wp:term":[{"taxonomy":"product_cat","embeddable":true,"href":"https:\/\/newgarden.es\/it\/wp-json\/wp\/v2\/product_cat?post=66413"},{"taxonomy":"product_tag","embeddable":true,"href":"https:\/\/newgarden.es\/it\/wp-json\/wp\/v2\/product_tag?post=66413"}],"curies":[{"name":"wp","href":"https:\/\/api.w.org\/{rel}","templated":true}]}}