{"id":66792,"date":"2024-07-17T13:20:32","date_gmt":"2024-07-17T11:20:45","guid":{"rendered":"https:\/\/newgarden.es\/?post_type=product&#038;p=66792"},"modified":"2024-07-18T10:57:27","modified_gmt":"2024-07-18T08:57:27","slug":"luce-a-sospensione-mykonos-hang","status":"publish","type":"product","link":"https:\/\/newgarden.es\/it\/luce-a-sospensione-mykonos-hang","title":{"rendered":"LUCE A SOSPENSIONE MYKONOS HANG"},"content":{"rendered":"<section class=\"wpb-content-wrapper\"><p>[vc_row][vc_column][vc_column_text]La lampada a sospensione Mykonos Hang \u00e8 un pezzo di design unico che trasformer\u00e0 il vostro spazio esterno. Realizzata in tessuto di cotone, questa lampada aggiunge un tocco distintivo e boh\u00e9mien al vostro spazio esterno.<\/p>\n<p>L&#8217;installazione di Mykonos Hang \u00e8 semplice: basta appenderla con il suo cavo nella posizione che preferite, eliminando la necessit\u00e0 di collegamenti elettrici e dandovi la libert\u00e0 di personalizzare l&#8217;illuminazione in base alle vostre preferenze. Mykonos \u00e8 dotata di una lampadina Cherry senza fili con batteria ricaricabile; questa lampada offre fino a 20 ore di illuminazione autonoma, permettendovi di godere di serate spensierate all&#8217;aperto.<\/p>\n<p>Mykonos Hang ha una temperatura di colore di 3000K e 900 lumen, che creano un&#8217;illuminazione calda e piacevole, e include un telecomando. Con un consumo efficiente di 9W, questa lampada combina stile e comfort, offrendo un&#8217;esperienza unica per illuminare le vostre serate all&#8217;aperto con eleganza e raffinatezza.<\/p>\n<p><strong>DIMENSIONI<\/strong><br \/>\n\u00f830 x 40 cm<br \/>\n[\/vc_column_text][\/vc_column][\/vc_row][vc_row][vc_column width=&#8221;1\/2&#8243;][vc_btn title=&#8221;SCHEDA TECNICA&#8221; style=&#8221;custom&#8221; custom_background=&#8221;#009bc2&#8243; custom_text=&#8221;#ffffff&#8221; link=&#8221;url:https%3A%2F%2Facortar.link%2FRqeq7T|target:_blank|&#8221; el_class=&#8221;btn_descargar_ficha&#8221;][\/vc_column][vc_column width=&#8221;1\/2&#8243;][vc_btn title=&#8221;MANUALE DI ISTRUZIONI&#8221; style=&#8221;custom&#8221; custom_background=&#8221;#009bc2&#8243; custom_text=&#8221;#ffffff&#8221; link=&#8221;url:https%3A%2F%2Fbit.ly%2F3EskOKx|target:%20_blank|&#8221; el_class=&#8221;btn_descargar_ficha&#8221;][\/vc_column][\/vc_row]<\/p>\n<\/section>","protected":false},"excerpt":{"rendered":"<h5>LAMPADA A SOSPENSIONE MYKONOS H<\/h5>\n","protected":false},"featured_media":66847,"template":"","meta":[],"product_cat":[974,1566,991,980],"product_tag":[],"class_list":{"0":"post-66792","1":"product","2":"type-product","3":"status-publish","4":"has-post-thumbnail","6":"product_cat-lightdeco-it","7":"product_cat-plafoniere-senza-fili","8":"product_cat-lampada-portatile","9":"product_cat-lampade-a-sospensione","11":"first","12":"instock","13":"taxable","14":"shipping-taxable","15":"purchasable","16":"product-type-variable","17":"has-default-attributes"},"yoast_head":"<!-- This site is optimized with the Yoast SEO plugin v24.2 - https:\/\/yoast.com\/wordpress\/plugins\/seo\/ -->\n<title>Lampada a sospensione a batteria Mykonos Hang - Newgarden<\/title>\n<meta name=\"description\" content=\"Descubre la l\u00e1mpara colgante Mykonos Hang de Newgarden\u00ae para iluminar tu hogar con estilo. \u00a1Compra la tuya ahora y dale un toque \u00fanico a tu espacio.\" \/>\n<meta name=\"robots\" content=\"index, follow, max-snippet:-1, max-image-preview:large, max-video-preview:-1\" \/>\n<link rel=\"canonical\" href=\"https:\/\/newgarden.es\/it\/luce-a-sospensione-mykonos-hang\/\" \/>\n<meta property=\"og:locale\" content=\"it_IT\" \/>\n<meta property=\"og:type\" content=\"article\" \/>\n<meta property=\"og:title\" content=\"Lampada a sospensione a batteria Mykonos Hang - Newgarden\" \/>\n<meta property=\"og:description\" content=\"Descubre la l\u00e1mpara colgante Mykonos Hang de Newgarden\u00ae para iluminar tu hogar con estilo. \u00a1Compra la tuya ahora y dale un toque \u00fanico a tu espacio.\" \/>\n<meta property=\"og:url\" content=\"https:\/\/newgarden.es\/it\/luce-a-sospensione-mykonos-hang\/\" \/>\n<meta property=\"og:site_name\" content=\"Newgarden\" \/>\n<meta property=\"article:modified_time\" content=\"2024-07-18T08:57:27+00:00\" \/>\n<meta property=\"og:image\" content=\"https:\/\/newgarden.es\/wp-content\/uploads\/2024\/07\/MYKONOS_HANG_1200X1200-8.jpg\" \/>\n\t<meta property=\"og:image:width\" content=\"1200\" \/>\n\t<meta property=\"og:image:height\" content=\"1200\" \/>\n\t<meta property=\"og:image:type\" content=\"image\/jpeg\" \/>\n<meta name=\"twitter:card\" content=\"summary_large_image\" \/>\n<meta name=\"twitter:label1\" content=\"Tempo di lettura stimato\" \/>\n\t<meta name=\"twitter:data1\" content=\"2 minuti\" \/>\n<script type=\"application\/ld+json\" class=\"yoast-schema-graph\">{\"@context\":\"https:\/\/schema.org\",\"@graph\":[{\"@type\":\"WebPage\",\"@id\":\"https:\/\/newgarden.es\/it\/luce-a-sospensione-mykonos-hang\/\",\"url\":\"https:\/\/newgarden.es\/it\/luce-a-sospensione-mykonos-hang\/\",\"name\":\"Lampada a sospensione a batteria Mykonos Hang - Newgarden\",\"isPartOf\":{\"@id\":\"https:\/\/newgarden.es\/#website\"},\"primaryImageOfPage\":{\"@id\":\"https:\/\/newgarden.es\/it\/luce-a-sospensione-mykonos-hang\/#primaryimage\"},\"image\":{\"@id\":\"https:\/\/newgarden.es\/it\/luce-a-sospensione-mykonos-hang\/#primaryimage\"},\"thumbnailUrl\":\"https:\/\/newgarden.es\/wp-content\/uploads\/2024\/07\/MYKONOS_HANG_1200X1200-8.jpg\",\"datePublished\":\"2024-07-17T11:20:45+00:00\",\"dateModified\":\"2024-07-18T08:57:27+00:00\",\"description\":\"Descubre la l\u00e1mpara colgante Mykonos Hang de Newgarden\u00ae para iluminar tu hogar con estilo. \u00a1Compra la tuya ahora y dale un toque \u00fanico a tu espacio.\",\"breadcrumb\":{\"@id\":\"https:\/\/newgarden.es\/it\/luce-a-sospensione-mykonos-hang\/#breadcrumb\"},\"inLanguage\":\"it-IT\",\"potentialAction\":[{\"@type\":\"ReadAction\",\"target\":[\"https:\/\/newgarden.es\/it\/luce-a-sospensione-mykonos-hang\/\"]}]},{\"@type\":\"ImageObject\",\"inLanguage\":\"it-IT\",\"@id\":\"https:\/\/newgarden.es\/it\/luce-a-sospensione-mykonos-hang\/#primaryimage\",\"url\":\"https:\/\/newgarden.es\/wp-content\/uploads\/2024\/07\/MYKONOS_HANG_1200X1200-8.jpg\",\"contentUrl\":\"https:\/\/newgarden.es\/wp-content\/uploads\/2024\/07\/MYKONOS_HANG_1200X1200-8.jpg\",\"width\":1200,\"height\":1200},{\"@type\":\"BreadcrumbList\",\"@id\":\"https:\/\/newgarden.es\/it\/luce-a-sospensione-mykonos-hang\/#breadcrumb\",\"itemListElement\":[{\"@type\":\"ListItem\",\"position\":1,\"name\":\"Home\",\"item\":\"https:\/\/newgarden.es\/it\/\"},{\"@type\":\"ListItem\",\"position\":2,\"name\":\"Collezione\",\"item\":\"https:\/\/newgarden.es\/it\/negozio\/\"},{\"@type\":\"ListItem\",\"position\":3,\"name\":\"LUCE A SOSPENSIONE MYKONOS HANG\"}]},{\"@type\":\"WebSite\",\"@id\":\"https:\/\/newgarden.es\/#website\",\"url\":\"https:\/\/newgarden.es\/\",\"name\":\"Newgarden\",\"description\":\"Be happy\",\"potentialAction\":[{\"@type\":\"SearchAction\",\"target\":{\"@type\":\"EntryPoint\",\"urlTemplate\":\"https:\/\/newgarden.es\/?s={search_term_string}\"},\"query-input\":{\"@type\":\"PropertyValueSpecification\",\"valueRequired\":true,\"valueName\":\"search_term_string\"}}],\"inLanguage\":\"it-IT\"}]}<\/script>\n<!-- \/ Yoast SEO plugin. -->","yoast_head_json":{"title":"Lampada a sospensione a batteria Mykonos Hang - Newgarden","description":"Descubre la l\u00e1mpara colgante Mykonos Hang de Newgarden\u00ae para iluminar tu hogar con estilo. \u00a1Compra la tuya ahora y dale un toque \u00fanico a tu espacio.","robots":{"index":"index","follow":"follow","max-snippet":"max-snippet:-1","max-image-preview":"max-image-preview:large","max-video-preview":"max-video-preview:-1"},"canonical":"https:\/\/newgarden.es\/it\/luce-a-sospensione-mykonos-hang\/","og_locale":"it_IT","og_type":"article","og_title":"Lampada a sospensione a batteria Mykonos Hang - Newgarden","og_description":"Descubre la l\u00e1mpara colgante Mykonos Hang de Newgarden\u00ae para iluminar tu hogar con estilo. \u00a1Compra la tuya ahora y dale un toque \u00fanico a tu espacio.","og_url":"https:\/\/newgarden.es\/it\/luce-a-sospensione-mykonos-hang\/","og_site_name":"Newgarden","article_modified_time":"2024-07-18T08:57:27+00:00","og_image":[{"width":1200,"height":1200,"url":"https:\/\/newgarden.es\/wp-content\/uploads\/2024\/07\/MYKONOS_HANG_1200X1200-8.jpg","type":"image\/jpeg"}],"twitter_card":"summary_large_image","twitter_misc":{"Tempo di lettura stimato":"2 minuti"},"schema":{"@context":"https:\/\/schema.org","@graph":[{"@type":"WebPage","@id":"https:\/\/newgarden.es\/it\/luce-a-sospensione-mykonos-hang\/","url":"https:\/\/newgarden.es\/it\/luce-a-sospensione-mykonos-hang\/","name":"Lampada a sospensione a batteria Mykonos Hang - Newgarden","isPartOf":{"@id":"https:\/\/newgarden.es\/#website"},"primaryImageOfPage":{"@id":"https:\/\/newgarden.es\/it\/luce-a-sospensione-mykonos-hang\/#primaryimage"},"image":{"@id":"https:\/\/newgarden.es\/it\/luce-a-sospensione-mykonos-hang\/#primaryimage"},"thumbnailUrl":"https:\/\/newgarden.es\/wp-content\/uploads\/2024\/07\/MYKONOS_HANG_1200X1200-8.jpg","datePublished":"2024-07-17T11:20:45+00:00","dateModified":"2024-07-18T08:57:27+00:00","description":"Descubre la l\u00e1mpara colgante Mykonos Hang de Newgarden\u00ae para iluminar tu hogar con estilo. \u00a1Compra la tuya ahora y dale un toque \u00fanico a tu espacio.","breadcrumb":{"@id":"https:\/\/newgarden.es\/it\/luce-a-sospensione-mykonos-hang\/#breadcrumb"},"inLanguage":"it-IT","potentialAction":[{"@type":"ReadAction","target":["https:\/\/newgarden.es\/it\/luce-a-sospensione-mykonos-hang\/"]}]},{"@type":"ImageObject","inLanguage":"it-IT","@id":"https:\/\/newgarden.es\/it\/luce-a-sospensione-mykonos-hang\/#primaryimage","url":"https:\/\/newgarden.es\/wp-content\/uploads\/2024\/07\/MYKONOS_HANG_1200X1200-8.jpg","contentUrl":"https:\/\/newgarden.es\/wp-content\/uploads\/2024\/07\/MYKONOS_HANG_1200X1200-8.jpg","width":1200,"height":1200},{"@type":"BreadcrumbList","@id":"https:\/\/newgarden.es\/it\/luce-a-sospensione-mykonos-hang\/#breadcrumb","itemListElement":[{"@type":"ListItem","position":1,"name":"Home","item":"https:\/\/newgarden.es\/it\/"},{"@type":"ListItem","position":2,"name":"Collezione","item":"https:\/\/newgarden.es\/it\/negozio\/"},{"@type":"ListItem","position":3,"name":"LUCE A SOSPENSIONE MYKONOS HANG"}]},{"@type":"WebSite","@id":"https:\/\/newgarden.es\/#website","url":"https:\/\/newgarden.es\/","name":"Newgarden","description":"Be happy","potentialAction":[{"@type":"SearchAction","target":{"@type":"EntryPoint","urlTemplate":"https:\/\/newgarden.es\/?s={search_term_string}"},"query-input":{"@type":"PropertyValueSpecification","valueRequired":true,"valueName":"search_term_string"}}],"inLanguage":"it-IT"}]}},"df_price":69.9,"df_sale_price":"","df_regular_price":69.9,"df_image_link":"https:\/\/newgarden.es\/wp-content\/uploads\/2024\/07\/MYKONOS_HANG_1200X1200-8-580x400.jpg","_links":{"self":[{"href":"https:\/\/newgarden.es\/it\/wp-json\/wp\/v2\/product\/66792"}],"collection":[{"href":"https:\/\/newgarden.es\/it\/wp-json\/wp\/v2\/product"}],"about":[{"href":"https:\/\/newgarden.es\/it\/wp-json\/wp\/v2\/types\/product"}],"wp:featuredmedia":[{"embeddable":true,"href":"https:\/\/newgarden.es\/it\/wp-json\/wp\/v2\/media\/66847"}],"wp:attachment":[{"href":"https:\/\/newgarden.es\/it\/wp-json\/wp\/v2\/media?parent=66792"}],"wp:term":[{"taxonomy":"product_cat","embeddable":true,"href":"https:\/\/newgarden.es\/it\/wp-json\/wp\/v2\/product_cat?post=66792"},{"taxonomy":"product_tag","embeddable":true,"href":"https:\/\/newgarden.es\/it\/wp-json\/wp\/v2\/product_tag?post=66792"}],"curies":[{"name":"wp","href":"https:\/\/api.w.org\/{rel}","templated":true}]}}