{"id":66955,"date":"2024-07-22T09:56:34","date_gmt":"2024-07-22T07:56:50","guid":{"rendered":"https:\/\/newgarden.es\/?post_type=product&#038;p=66955"},"modified":"2024-07-22T10:41:02","modified_gmt":"2024-07-22T08:41:02","slug":"lima-lampadina-portatile-ricaricabile","status":"publish","type":"product","link":"https:\/\/newgarden.es\/it\/lima-lampadina-portatile-ricaricabile","title":{"rendered":"LAMPADINA RICARICABILE PORTATILE SPECIALE PER OMBRELLONE, LIMA"},"content":{"rendered":"<section class=\"wpb-content-wrapper\"><p>[vc_row][vc_column][vc_column_text][\/vc_column_text][\/vc_column][\/vc_row][vc_row][vc_column][vc_column_text]La versatilit\u00e0 della lampada LIMA \u00e8 evidenziata dal suo design senza fili, senza necessit\u00e0 di installazione. Pu\u00f2 essere attaccata a un ombrellone o a una ringhiera grazie al suo magnete, trasformando le vostre serate all&#8217;aperto in esperienze uniche e di stile.<\/p>\n<p>Con tre intensit\u00e0 di luce regolabili, luce calda e RGB, questa lampada offre un&#8217;esperienza di illuminazione personalizzata per ogni occasione. Controllate l&#8217;atmosfera con il pratico telecomando in dotazione, adattando la luce in base alle vostre preferenze e creando l&#8217;ambiente perfetto per cene, feste o momenti di relax.<\/p>\n<p>Dotata di una batteria ricaricabile, la lampada LIMA garantisce fino a 20 ore di illuminazione continua, offrendo una soluzione efficiente e duratura. La combinazione di luce RGB e bianca a 3000K aggiunge eleganza e modernit\u00e0 ai vostri spazi esterni, trasformando le vostre serate in esperienze uniche.<\/p>\n<p>Sperimentate l&#8217;evoluzione dell&#8217;illuminazione esterna con questo prodotto innovativo che unisce tecnologia, design e praticit\u00e0, ridefinendo il modo di illuminare e decorare gli spazi esterni.<\/p>\n<p><strong>DIMENSIONI<\/strong><br \/>\n\u00f821 x 9 cm<br \/>\n[\/vc_column_text][\/vc_column][\/vc_row][vc_row][vc_column width=&#8221;1\/2&#8243;][vc_btn title=&#8221;SCHEDA TECNICA&#8221; style=&#8221;custom&#8221; custom_background=&#8221;#009bc2&#8243; custom_text=&#8221;#ffffff&#8221; shape=&#8221;square&#8221; link=&#8221;url:https%3A%2F%2Facortar.link%2FRAZ2Jt|target:_blank|&#8221; el_class=&#8221;btn_descargar_ficha&#8221;][vc_btn title=&#8221;MANUALE DI ISTRUZIONI&#8221; style=&#8221;custom&#8221; custom_background=&#8221;#009bc2&#8243; custom_text=&#8221;#ffffff&#8221; shape=&#8221;square&#8221; link=&#8221;url:https%3A%2F%2Facortar.link%2FqbC8ig|target:_blank|&#8221; el_class=&#8221;btn_descargar_ficha&#8221;][\/vc_column][vc_column][\/vc_column][\/vc_row]<\/p>\n<\/section>","protected":false},"excerpt":{"rendered":"<p>LIMA LAMPADINA PORTATILE RICARICABILE<\/p>\n","protected":false},"featured_media":66990,"template":"","meta":[],"product_cat":[974,991],"product_tag":[953,962],"class_list":{"0":"post-66955","1":"product","2":"type-product","3":"status-publish","4":"has-post-thumbnail","6":"product_cat-lightdeco-it","7":"product_cat-lampada-portatile","8":"product_tag-batteria","9":"product_tag-senza-fili-it","11":"first","12":"instock","13":"taxable","14":"shipping-taxable","15":"purchasable","16":"product-type-variable"},"yoast_head":"<!-- This site is optimized with the Yoast SEO plugin v24.2 - https:\/\/yoast.com\/wordpress\/plugins\/seo\/ -->\n<title>LAMPADINA RICARICABILE PORTATILE SPECIALE PER OMBRELLONE, LIMA - Newgarden<\/title>\n<meta name=\"description\" content=\"La versatilidad de la l\u00e1mpara LIMA se destaca por su dise\u00f1o inal\u00e1mbrico, sin necesidad de instalaci\u00f3n. Se puede colocar en una sombrilla o en una barandilla gracias a su im\u00e1n, transformando tus noches al aire libre en experiencias \u00fanicas y llenas de estilo.\" \/>\n<meta name=\"robots\" content=\"index, follow, max-snippet:-1, max-image-preview:large, max-video-preview:-1\" \/>\n<link rel=\"canonical\" href=\"https:\/\/newgarden.es\/it\/lima-lampadina-portatile-ricaricabile\/\" \/>\n<meta property=\"og:locale\" content=\"it_IT\" \/>\n<meta property=\"og:type\" content=\"article\" \/>\n<meta property=\"og:title\" content=\"LAMPADINA RICARICABILE PORTATILE SPECIALE PER OMBRELLONE, LIMA - Newgarden\" \/>\n<meta property=\"og:description\" content=\"La versatilidad de la l\u00e1mpara LIMA se destaca por su dise\u00f1o inal\u00e1mbrico, sin necesidad de instalaci\u00f3n. Se puede colocar en una sombrilla o en una barandilla gracias a su im\u00e1n, transformando tus noches al aire libre en experiencias \u00fanicas y llenas de estilo.\" \/>\n<meta property=\"og:url\" content=\"https:\/\/newgarden.es\/it\/lima-lampadina-portatile-ricaricabile\/\" \/>\n<meta property=\"og:site_name\" content=\"Newgarden\" \/>\n<meta property=\"article:modified_time\" content=\"2024-07-22T08:41:02+00:00\" \/>\n<meta property=\"og:image\" content=\"https:\/\/newgarden.es\/wp-content\/uploads\/2024\/07\/LIMA_1200X1200-3.jpg\" \/>\n\t<meta property=\"og:image:width\" content=\"1200\" \/>\n\t<meta property=\"og:image:height\" content=\"1200\" \/>\n\t<meta property=\"og:image:type\" content=\"image\/jpeg\" \/>\n<meta name=\"twitter:card\" content=\"summary_large_image\" \/>\n<meta name=\"twitter:label1\" content=\"Tempo di lettura stimato\" \/>\n\t<meta name=\"twitter:data1\" content=\"2 minuti\" \/>\n<script type=\"application\/ld+json\" class=\"yoast-schema-graph\">{\"@context\":\"https:\/\/schema.org\",\"@graph\":[{\"@type\":\"WebPage\",\"@id\":\"https:\/\/newgarden.es\/it\/lima-lampadina-portatile-ricaricabile\/\",\"url\":\"https:\/\/newgarden.es\/it\/lima-lampadina-portatile-ricaricabile\/\",\"name\":\"LAMPADINA RICARICABILE PORTATILE SPECIALE PER OMBRELLONE, LIMA - Newgarden\",\"isPartOf\":{\"@id\":\"https:\/\/newgarden.es\/#website\"},\"primaryImageOfPage\":{\"@id\":\"https:\/\/newgarden.es\/it\/lima-lampadina-portatile-ricaricabile\/#primaryimage\"},\"image\":{\"@id\":\"https:\/\/newgarden.es\/it\/lima-lampadina-portatile-ricaricabile\/#primaryimage\"},\"thumbnailUrl\":\"https:\/\/newgarden.es\/wp-content\/uploads\/2024\/07\/LIMA_1200X1200-3.jpg\",\"datePublished\":\"2024-07-22T07:56:50+00:00\",\"dateModified\":\"2024-07-22T08:41:02+00:00\",\"description\":\"La versatilidad de la l\u00e1mpara LIMA se destaca por su dise\u00f1o inal\u00e1mbrico, sin necesidad de instalaci\u00f3n. Se puede colocar en una sombrilla o en una barandilla gracias a su im\u00e1n, transformando tus noches al aire libre en experiencias \u00fanicas y llenas de estilo.\",\"breadcrumb\":{\"@id\":\"https:\/\/newgarden.es\/it\/lima-lampadina-portatile-ricaricabile\/#breadcrumb\"},\"inLanguage\":\"it-IT\",\"potentialAction\":[{\"@type\":\"ReadAction\",\"target\":[\"https:\/\/newgarden.es\/it\/lima-lampadina-portatile-ricaricabile\/\"]}]},{\"@type\":\"ImageObject\",\"inLanguage\":\"it-IT\",\"@id\":\"https:\/\/newgarden.es\/it\/lima-lampadina-portatile-ricaricabile\/#primaryimage\",\"url\":\"https:\/\/newgarden.es\/wp-content\/uploads\/2024\/07\/LIMA_1200X1200-3.jpg\",\"contentUrl\":\"https:\/\/newgarden.es\/wp-content\/uploads\/2024\/07\/LIMA_1200X1200-3.jpg\",\"width\":1200,\"height\":1200},{\"@type\":\"BreadcrumbList\",\"@id\":\"https:\/\/newgarden.es\/it\/lima-lampadina-portatile-ricaricabile\/#breadcrumb\",\"itemListElement\":[{\"@type\":\"ListItem\",\"position\":1,\"name\":\"Home\",\"item\":\"https:\/\/newgarden.es\/it\/\"},{\"@type\":\"ListItem\",\"position\":2,\"name\":\"Collezione\",\"item\":\"https:\/\/newgarden.es\/it\/negozio\/\"},{\"@type\":\"ListItem\",\"position\":3,\"name\":\"LAMPADINA RICARICABILE PORTATILE SPECIALE PER OMBRELLONE, LIMA\"}]},{\"@type\":\"WebSite\",\"@id\":\"https:\/\/newgarden.es\/#website\",\"url\":\"https:\/\/newgarden.es\/\",\"name\":\"Newgarden\",\"description\":\"Be happy\",\"potentialAction\":[{\"@type\":\"SearchAction\",\"target\":{\"@type\":\"EntryPoint\",\"urlTemplate\":\"https:\/\/newgarden.es\/?s={search_term_string}\"},\"query-input\":{\"@type\":\"PropertyValueSpecification\",\"valueRequired\":true,\"valueName\":\"search_term_string\"}}],\"inLanguage\":\"it-IT\"}]}<\/script>\n<!-- \/ Yoast SEO plugin. -->","yoast_head_json":{"title":"LAMPADINA RICARICABILE PORTATILE SPECIALE PER OMBRELLONE, LIMA - Newgarden","description":"La versatilidad de la l\u00e1mpara LIMA se destaca por su dise\u00f1o inal\u00e1mbrico, sin necesidad de instalaci\u00f3n. Se puede colocar en una sombrilla o en una barandilla gracias a su im\u00e1n, transformando tus noches al aire libre en experiencias \u00fanicas y llenas de estilo.","robots":{"index":"index","follow":"follow","max-snippet":"max-snippet:-1","max-image-preview":"max-image-preview:large","max-video-preview":"max-video-preview:-1"},"canonical":"https:\/\/newgarden.es\/it\/lima-lampadina-portatile-ricaricabile\/","og_locale":"it_IT","og_type":"article","og_title":"LAMPADINA RICARICABILE PORTATILE SPECIALE PER OMBRELLONE, LIMA - Newgarden","og_description":"La versatilidad de la l\u00e1mpara LIMA se destaca por su dise\u00f1o inal\u00e1mbrico, sin necesidad de instalaci\u00f3n. Se puede colocar en una sombrilla o en una barandilla gracias a su im\u00e1n, transformando tus noches al aire libre en experiencias \u00fanicas y llenas de estilo.","og_url":"https:\/\/newgarden.es\/it\/lima-lampadina-portatile-ricaricabile\/","og_site_name":"Newgarden","article_modified_time":"2024-07-22T08:41:02+00:00","og_image":[{"width":1200,"height":1200,"url":"https:\/\/newgarden.es\/wp-content\/uploads\/2024\/07\/LIMA_1200X1200-3.jpg","type":"image\/jpeg"}],"twitter_card":"summary_large_image","twitter_misc":{"Tempo di lettura stimato":"2 minuti"},"schema":{"@context":"https:\/\/schema.org","@graph":[{"@type":"WebPage","@id":"https:\/\/newgarden.es\/it\/lima-lampadina-portatile-ricaricabile\/","url":"https:\/\/newgarden.es\/it\/lima-lampadina-portatile-ricaricabile\/","name":"LAMPADINA RICARICABILE PORTATILE SPECIALE PER OMBRELLONE, LIMA - Newgarden","isPartOf":{"@id":"https:\/\/newgarden.es\/#website"},"primaryImageOfPage":{"@id":"https:\/\/newgarden.es\/it\/lima-lampadina-portatile-ricaricabile\/#primaryimage"},"image":{"@id":"https:\/\/newgarden.es\/it\/lima-lampadina-portatile-ricaricabile\/#primaryimage"},"thumbnailUrl":"https:\/\/newgarden.es\/wp-content\/uploads\/2024\/07\/LIMA_1200X1200-3.jpg","datePublished":"2024-07-22T07:56:50+00:00","dateModified":"2024-07-22T08:41:02+00:00","description":"La versatilidad de la l\u00e1mpara LIMA se destaca por su dise\u00f1o inal\u00e1mbrico, sin necesidad de instalaci\u00f3n. Se puede colocar en una sombrilla o en una barandilla gracias a su im\u00e1n, transformando tus noches al aire libre en experiencias \u00fanicas y llenas de estilo.","breadcrumb":{"@id":"https:\/\/newgarden.es\/it\/lima-lampadina-portatile-ricaricabile\/#breadcrumb"},"inLanguage":"it-IT","potentialAction":[{"@type":"ReadAction","target":["https:\/\/newgarden.es\/it\/lima-lampadina-portatile-ricaricabile\/"]}]},{"@type":"ImageObject","inLanguage":"it-IT","@id":"https:\/\/newgarden.es\/it\/lima-lampadina-portatile-ricaricabile\/#primaryimage","url":"https:\/\/newgarden.es\/wp-content\/uploads\/2024\/07\/LIMA_1200X1200-3.jpg","contentUrl":"https:\/\/newgarden.es\/wp-content\/uploads\/2024\/07\/LIMA_1200X1200-3.jpg","width":1200,"height":1200},{"@type":"BreadcrumbList","@id":"https:\/\/newgarden.es\/it\/lima-lampadina-portatile-ricaricabile\/#breadcrumb","itemListElement":[{"@type":"ListItem","position":1,"name":"Home","item":"https:\/\/newgarden.es\/it\/"},{"@type":"ListItem","position":2,"name":"Collezione","item":"https:\/\/newgarden.es\/it\/negozio\/"},{"@type":"ListItem","position":3,"name":"LAMPADINA RICARICABILE PORTATILE SPECIALE PER OMBRELLONE, LIMA"}]},{"@type":"WebSite","@id":"https:\/\/newgarden.es\/#website","url":"https:\/\/newgarden.es\/","name":"Newgarden","description":"Be happy","potentialAction":[{"@type":"SearchAction","target":{"@type":"EntryPoint","urlTemplate":"https:\/\/newgarden.es\/?s={search_term_string}"},"query-input":{"@type":"PropertyValueSpecification","valueRequired":true,"valueName":"search_term_string"}}],"inLanguage":"it-IT"}]}},"df_price":341.6,"df_sale_price":"","df_regular_price":341.6,"df_image_link":"https:\/\/newgarden.es\/wp-content\/uploads\/2024\/07\/LIMA_1200X1200-3-580x400.jpg","_links":{"self":[{"href":"https:\/\/newgarden.es\/it\/wp-json\/wp\/v2\/product\/66955"}],"collection":[{"href":"https:\/\/newgarden.es\/it\/wp-json\/wp\/v2\/product"}],"about":[{"href":"https:\/\/newgarden.es\/it\/wp-json\/wp\/v2\/types\/product"}],"wp:featuredmedia":[{"embeddable":true,"href":"https:\/\/newgarden.es\/it\/wp-json\/wp\/v2\/media\/66990"}],"wp:attachment":[{"href":"https:\/\/newgarden.es\/it\/wp-json\/wp\/v2\/media?parent=66955"}],"wp:term":[{"taxonomy":"product_cat","embeddable":true,"href":"https:\/\/newgarden.es\/it\/wp-json\/wp\/v2\/product_cat?post=66955"},{"taxonomy":"product_tag","embeddable":true,"href":"https:\/\/newgarden.es\/it\/wp-json\/wp\/v2\/product_tag?post=66955"}],"curies":[{"name":"wp","href":"https:\/\/api.w.org\/{rel}","templated":true}]}}