{"id":67012,"date":"2024-07-22T10:45:57","date_gmt":"2024-07-22T08:46:14","guid":{"rendered":"https:\/\/newgarden.es\/?post_type=product&#038;p=67012"},"modified":"2024-07-22T11:16:14","modified_gmt":"2024-07-22T09:16:14","slug":"banana-lampadina-portatile-ricaricabile","status":"publish","type":"product","link":"https:\/\/newgarden.es\/it\/banana-lampadina-portatile-ricaricabile","title":{"rendered":"LAMPADINA PORTATILE RICARICABILE BANANA"},"content":{"rendered":"<section class=\"wpb-content-wrapper\"><p>[vc_row][vc_column][vc_column_text][\/vc_column_text][\/vc_column][\/vc_row][vc_row][vc_column][vc_column_text]La lampada a batteria Banana fonde design e funzionalit\u00e0 all&#8217;avanguardia. Con una lunghezza di 35 cm, la sua forma unica aggiunge un tocco moderno ai vostri spazi esterni.<\/p>\n<p>La versatilit\u00e0 della lampada Banana \u00e8 evidenziata dal suo design senza fili, che non richiede installazione. \u00c8 possibile posizionarla facilmente ovunque grazie ai magneti integrati o alle strisce autoadesive (incluse), consentendo di creare un ambiente luminoso in qualsiasi angolo del giardino, della terrazza o del patio esterno.<\/p>\n<p>Con tre intensit\u00e0 di luce regolabili, luce calda e RGB, questa lampada offre un&#8217;esperienza di illuminazione personalizzata per ogni occasione. Controllate l&#8217;atmosfera con il pratico telecomando in dotazione, adattando la luce in base alle vostre preferenze e creando l&#8217;ambiente perfetto per cene, feste o momenti di relax.<\/p>\n<p>Dotata di una batteria ricaricabile, la lampada Banana garantisce fino a 20 ore di illuminazione continua, offrendo una soluzione efficiente e duratura. La combinazione di luce RGB e bianca a 3000K aggiunge eleganza e modernit\u00e0 ai vostri spazi esterni, trasformando le vostre serate in esperienze uniche.<\/p>\n<p>Provate l&#8217;evoluzione dell&#8217;illuminazione esterna con questo prodotto innovativo che combina tecnologia, design e praticit\u00e0, ridefinendo il modo di illuminare e decorare gli spazi esterni.<\/p>\n<p><strong>DIMENSIONE<\/strong><br \/>\n5 x 5 x 12 cm<br \/>\n[\/vc_column_text][\/vc_column][\/vc_row][vc_row][vc_column width=&#8221;1\/2&#8243;][vc_btn title=&#8221;SCHEDA TECNICA&#8221; style=&#8221;custom&#8221; custom_background=&#8221;#009bc2&#8243; custom_text=&#8221;#ffffff&#8221; shape=&#8221;square&#8221; link=&#8221;url:https%3A%2F%2Facortar.link%2Fh5RGq2|target:_blank|&#8221; el_class=&#8221;btn_descargar_ficha&#8221;][vc_btn title=&#8221;MANUALE DI ISTRUZIONI&#8221; style=&#8221;custom&#8221; custom_background=&#8221;#009bc2&#8243; custom_text=&#8221;#ffffff&#8221; shape=&#8221;square&#8221; link=&#8221;url:https%3A%2F%2Facortar.link%2FTTkkpZ|target:_blank|&#8221; el_class=&#8221;btn_descargar_ficha&#8221;][\/vc_column][vc_column][\/vc_column][\/vc_row]<\/p>\n<\/section>","protected":false},"excerpt":{"rendered":"<p>BANANA LAMPADINA PORTATILE RICARICABILE<\/p>\n","protected":false},"featured_media":67037,"template":"","meta":[],"product_cat":[974,991],"product_tag":[953,962],"class_list":{"0":"post-67012","1":"product","2":"type-product","3":"status-publish","4":"has-post-thumbnail","6":"product_cat-lightdeco-it","7":"product_cat-lampada-portatile","8":"product_tag-batteria","9":"product_tag-senza-fili-it","11":"first","12":"instock","13":"taxable","14":"shipping-taxable","15":"purchasable","16":"product-type-variable"},"yoast_head":"<!-- This site is optimized with the Yoast SEO plugin v24.2 - https:\/\/yoast.com\/wordpress\/plugins\/seo\/ -->\n<title>LAMPADINA PORTATILE RICARICABILE BANANA - Newgarden<\/title>\n<meta name=\"description\" content=\"La lampada a batteria Banana fonde design e funzionalit\u00e0 all&#039;avanguardia. Con una lunghezza di 35 cm, la sua forma unica aggiunge un tocco moderno ai vostri spazi esterni.\" \/>\n<meta name=\"robots\" content=\"index, follow, max-snippet:-1, max-image-preview:large, max-video-preview:-1\" \/>\n<link rel=\"canonical\" href=\"https:\/\/newgarden.es\/it\/banana-lampadina-portatile-ricaricabile\/\" \/>\n<meta property=\"og:locale\" content=\"it_IT\" \/>\n<meta property=\"og:type\" content=\"article\" \/>\n<meta property=\"og:title\" content=\"LAMPADINA PORTATILE RICARICABILE BANANA - Newgarden\" \/>\n<meta property=\"og:description\" content=\"La lampada a batteria Banana fonde design e funzionalit\u00e0 all&#039;avanguardia. Con una lunghezza di 35 cm, la sua forma unica aggiunge un tocco moderno ai vostri spazi esterni.\" \/>\n<meta property=\"og:url\" content=\"https:\/\/newgarden.es\/it\/banana-lampadina-portatile-ricaricabile\/\" \/>\n<meta property=\"og:site_name\" content=\"Newgarden\" \/>\n<meta property=\"article:modified_time\" content=\"2024-07-22T09:16:14+00:00\" \/>\n<meta property=\"og:image\" content=\"https:\/\/newgarden.es\/wp-content\/uploads\/2024\/07\/BANANA_1200X1200-4.jpg\" \/>\n\t<meta property=\"og:image:width\" content=\"1200\" \/>\n\t<meta property=\"og:image:height\" content=\"1200\" \/>\n\t<meta property=\"og:image:type\" content=\"image\/jpeg\" \/>\n<meta name=\"twitter:card\" content=\"summary_large_image\" \/>\n<meta name=\"twitter:label1\" content=\"Tempo di lettura stimato\" \/>\n\t<meta name=\"twitter:data1\" content=\"2 minuti\" \/>\n<script type=\"application\/ld+json\" class=\"yoast-schema-graph\">{\"@context\":\"https:\/\/schema.org\",\"@graph\":[{\"@type\":\"WebPage\",\"@id\":\"https:\/\/newgarden.es\/it\/banana-lampadina-portatile-ricaricabile\/\",\"url\":\"https:\/\/newgarden.es\/it\/banana-lampadina-portatile-ricaricabile\/\",\"name\":\"LAMPADINA PORTATILE RICARICABILE BANANA - Newgarden\",\"isPartOf\":{\"@id\":\"https:\/\/newgarden.es\/#website\"},\"primaryImageOfPage\":{\"@id\":\"https:\/\/newgarden.es\/it\/banana-lampadina-portatile-ricaricabile\/#primaryimage\"},\"image\":{\"@id\":\"https:\/\/newgarden.es\/it\/banana-lampadina-portatile-ricaricabile\/#primaryimage\"},\"thumbnailUrl\":\"https:\/\/newgarden.es\/wp-content\/uploads\/2024\/07\/BANANA_1200X1200-4.jpg\",\"datePublished\":\"2024-07-22T08:46:14+00:00\",\"dateModified\":\"2024-07-22T09:16:14+00:00\",\"description\":\"La lampada a batteria Banana fonde design e funzionalit\u00e0 all'avanguardia. Con una lunghezza di 35 cm, la sua forma unica aggiunge un tocco moderno ai vostri spazi esterni.\",\"breadcrumb\":{\"@id\":\"https:\/\/newgarden.es\/it\/banana-lampadina-portatile-ricaricabile\/#breadcrumb\"},\"inLanguage\":\"it-IT\",\"potentialAction\":[{\"@type\":\"ReadAction\",\"target\":[\"https:\/\/newgarden.es\/it\/banana-lampadina-portatile-ricaricabile\/\"]}]},{\"@type\":\"ImageObject\",\"inLanguage\":\"it-IT\",\"@id\":\"https:\/\/newgarden.es\/it\/banana-lampadina-portatile-ricaricabile\/#primaryimage\",\"url\":\"https:\/\/newgarden.es\/wp-content\/uploads\/2024\/07\/BANANA_1200X1200-4.jpg\",\"contentUrl\":\"https:\/\/newgarden.es\/wp-content\/uploads\/2024\/07\/BANANA_1200X1200-4.jpg\",\"width\":1200,\"height\":1200},{\"@type\":\"BreadcrumbList\",\"@id\":\"https:\/\/newgarden.es\/it\/banana-lampadina-portatile-ricaricabile\/#breadcrumb\",\"itemListElement\":[{\"@type\":\"ListItem\",\"position\":1,\"name\":\"Home\",\"item\":\"https:\/\/newgarden.es\/it\/\"},{\"@type\":\"ListItem\",\"position\":2,\"name\":\"Collezione\",\"item\":\"https:\/\/newgarden.es\/it\/negozio\/\"},{\"@type\":\"ListItem\",\"position\":3,\"name\":\"LAMPADINA PORTATILE RICARICABILE BANANA\"}]},{\"@type\":\"WebSite\",\"@id\":\"https:\/\/newgarden.es\/#website\",\"url\":\"https:\/\/newgarden.es\/\",\"name\":\"Newgarden\",\"description\":\"Be happy\",\"potentialAction\":[{\"@type\":\"SearchAction\",\"target\":{\"@type\":\"EntryPoint\",\"urlTemplate\":\"https:\/\/newgarden.es\/?s={search_term_string}\"},\"query-input\":{\"@type\":\"PropertyValueSpecification\",\"valueRequired\":true,\"valueName\":\"search_term_string\"}}],\"inLanguage\":\"it-IT\"}]}<\/script>\n<!-- \/ Yoast SEO plugin. -->","yoast_head_json":{"title":"LAMPADINA PORTATILE RICARICABILE BANANA - Newgarden","description":"La lampada a batteria Banana fonde design e funzionalit\u00e0 all'avanguardia. Con una lunghezza di 35 cm, la sua forma unica aggiunge un tocco moderno ai vostri spazi esterni.","robots":{"index":"index","follow":"follow","max-snippet":"max-snippet:-1","max-image-preview":"max-image-preview:large","max-video-preview":"max-video-preview:-1"},"canonical":"https:\/\/newgarden.es\/it\/banana-lampadina-portatile-ricaricabile\/","og_locale":"it_IT","og_type":"article","og_title":"LAMPADINA PORTATILE RICARICABILE BANANA - Newgarden","og_description":"La lampada a batteria Banana fonde design e funzionalit\u00e0 all'avanguardia. Con una lunghezza di 35 cm, la sua forma unica aggiunge un tocco moderno ai vostri spazi esterni.","og_url":"https:\/\/newgarden.es\/it\/banana-lampadina-portatile-ricaricabile\/","og_site_name":"Newgarden","article_modified_time":"2024-07-22T09:16:14+00:00","og_image":[{"width":1200,"height":1200,"url":"https:\/\/newgarden.es\/wp-content\/uploads\/2024\/07\/BANANA_1200X1200-4.jpg","type":"image\/jpeg"}],"twitter_card":"summary_large_image","twitter_misc":{"Tempo di lettura stimato":"2 minuti"},"schema":{"@context":"https:\/\/schema.org","@graph":[{"@type":"WebPage","@id":"https:\/\/newgarden.es\/it\/banana-lampadina-portatile-ricaricabile\/","url":"https:\/\/newgarden.es\/it\/banana-lampadina-portatile-ricaricabile\/","name":"LAMPADINA PORTATILE RICARICABILE BANANA - Newgarden","isPartOf":{"@id":"https:\/\/newgarden.es\/#website"},"primaryImageOfPage":{"@id":"https:\/\/newgarden.es\/it\/banana-lampadina-portatile-ricaricabile\/#primaryimage"},"image":{"@id":"https:\/\/newgarden.es\/it\/banana-lampadina-portatile-ricaricabile\/#primaryimage"},"thumbnailUrl":"https:\/\/newgarden.es\/wp-content\/uploads\/2024\/07\/BANANA_1200X1200-4.jpg","datePublished":"2024-07-22T08:46:14+00:00","dateModified":"2024-07-22T09:16:14+00:00","description":"La lampada a batteria Banana fonde design e funzionalit\u00e0 all'avanguardia. Con una lunghezza di 35 cm, la sua forma unica aggiunge un tocco moderno ai vostri spazi esterni.","breadcrumb":{"@id":"https:\/\/newgarden.es\/it\/banana-lampadina-portatile-ricaricabile\/#breadcrumb"},"inLanguage":"it-IT","potentialAction":[{"@type":"ReadAction","target":["https:\/\/newgarden.es\/it\/banana-lampadina-portatile-ricaricabile\/"]}]},{"@type":"ImageObject","inLanguage":"it-IT","@id":"https:\/\/newgarden.es\/it\/banana-lampadina-portatile-ricaricabile\/#primaryimage","url":"https:\/\/newgarden.es\/wp-content\/uploads\/2024\/07\/BANANA_1200X1200-4.jpg","contentUrl":"https:\/\/newgarden.es\/wp-content\/uploads\/2024\/07\/BANANA_1200X1200-4.jpg","width":1200,"height":1200},{"@type":"BreadcrumbList","@id":"https:\/\/newgarden.es\/it\/banana-lampadina-portatile-ricaricabile\/#breadcrumb","itemListElement":[{"@type":"ListItem","position":1,"name":"Home","item":"https:\/\/newgarden.es\/it\/"},{"@type":"ListItem","position":2,"name":"Collezione","item":"https:\/\/newgarden.es\/it\/negozio\/"},{"@type":"ListItem","position":3,"name":"LAMPADINA PORTATILE RICARICABILE BANANA"}]},{"@type":"WebSite","@id":"https:\/\/newgarden.es\/#website","url":"https:\/\/newgarden.es\/","name":"Newgarden","description":"Be happy","potentialAction":[{"@type":"SearchAction","target":{"@type":"EntryPoint","urlTemplate":"https:\/\/newgarden.es\/?s={search_term_string}"},"query-input":{"@type":"PropertyValueSpecification","valueRequired":true,"valueName":"search_term_string"}}],"inLanguage":"it-IT"}]}},"df_price":341.6,"df_sale_price":"","df_regular_price":341.6,"df_image_link":"https:\/\/newgarden.es\/wp-content\/uploads\/2024\/07\/BANANA_1200X1200-4-580x400.jpg","_links":{"self":[{"href":"https:\/\/newgarden.es\/it\/wp-json\/wp\/v2\/product\/67012"}],"collection":[{"href":"https:\/\/newgarden.es\/it\/wp-json\/wp\/v2\/product"}],"about":[{"href":"https:\/\/newgarden.es\/it\/wp-json\/wp\/v2\/types\/product"}],"wp:featuredmedia":[{"embeddable":true,"href":"https:\/\/newgarden.es\/it\/wp-json\/wp\/v2\/media\/67037"}],"wp:attachment":[{"href":"https:\/\/newgarden.es\/it\/wp-json\/wp\/v2\/media?parent=67012"}],"wp:term":[{"taxonomy":"product_cat","embeddable":true,"href":"https:\/\/newgarden.es\/it\/wp-json\/wp\/v2\/product_cat?post=67012"},{"taxonomy":"product_tag","embeddable":true,"href":"https:\/\/newgarden.es\/it\/wp-json\/wp\/v2\/product_tag?post=67012"}],"curies":[{"name":"wp","href":"https:\/\/api.w.org\/{rel}","templated":true}]}}