{"id":67078,"date":"2024-08-02T10:10:36","date_gmt":"2024-08-02T08:10:58","guid":{"rendered":"https:\/\/newgarden.es\/?post_type=product&#038;p=67078"},"modified":"2024-08-02T10:46:49","modified_gmt":"2024-08-02T08:46:49","slug":"lampadina-galleggiante-portatile-coco","status":"publish","type":"product","link":"https:\/\/newgarden.es\/it\/lampadina-galleggiante-portatile-coco","title":{"rendered":"LAMPADINA GALLEGGIANTE PORTATILE COCO"},"content":{"rendered":"<section class=\"wpb-content-wrapper\"><p>[vc_row][vc_column][vc_column_text][\/vc_column_text][\/vc_column][\/vc_row][vc_row][vc_column][vc_column_text]Scoprite la lampadina da esterno Coco. Il suo design \u00e8 funzionale, in quanto pu\u00f2 essere utilizzata come lampada da tavolo o come lampada a sospensione grazie al suo gancio. \u00c8 possibile utilizzarla anche come lampada da piscina. Questa caratteristica vi d\u00e0 la libert\u00e0 di creare atmosfere accattivanti in qualsiasi angolo del vostro giardino, terrazzo o patio.<\/p>\n<p>La lampada Coco non si limita alla terraferma, ma galleggia sull&#8217;acqua: \u00e8 quindi la scelta perfetta per illuminare le piscine e aggiungere un tocco di lusso ai vostri momenti all&#8217;aperto. Immaginate di godervi le serate di relax a bordo piscina con la luce soffusa che emana Coco, creando un&#8217;atmosfera magica e memorabile.<\/p>\n<p>Dotata di una batteria ricaricabile a carica magnetica, la lampadina Coco offre fino a 20 ore di illuminazione senza sforzo. Grazie al telecomando, \u00e8 possibile gestire facilmente le opzioni di luce, che comprendono un&#8217;ampia gamma di colori RGB e luce bianca fino a 3000K e 900 lumen. Regolate l&#8217;intensit\u00e0 e il tono della luce in base alle vostre preferenze, adattandola a ogni occasione.<\/p>\n<p>\u00c8 possibile combinare pi\u00f9 lampade Coco per creare un&#8217;esperienza di illuminazione esterna unica e personalizzata, trasformando ogni angolo in uno scenario accattivante. Elevate le vostre serate all&#8217;aperto con l&#8217;eleganza e la funzionalit\u00e0 della lampada Coco, illuminando i vostri momenti con un tocco di lusso e distinzione.<\/p>\n<p><strong>DIMENSIONI<\/strong><br \/>\n\u00f811 x 8 cm<br \/>\n[\/vc_column_text][\/vc_column][\/vc_row][vc_row][vc_column width=&#8221;1\/2&#8243;][vc_btn title=&#8221;DATI TECNICI&#8221; style=&#8221;custom&#8221; custom_background=&#8221;#009bc2&#8243; custom_text=&#8221;#ffffff&#8221; shape=&#8221;square&#8221; link=&#8221;url:https%3A%2F%2Facortar.link%2FkVBxBI|target:_blank|&#8221; el_class=&#8221;btn_descargar_ficha&#8221;][\/vc_column][vc_column width=&#8221;1\/2&#8243;][vc_btn title=&#8221;MANUALE DI ISTRUZIONI&#8221; style=&#8221;custom&#8221; custom_background=&#8221;#009bc2&#8243; custom_text=&#8221;#ffffff&#8221; shape=&#8221;square&#8221; link=&#8221;url:https%3A%2F%2Facortar.link%2FkVBxBI|target:_blank|&#8221; el_class=&#8221;btn_descargar_ficha&#8221;][\/vc_column][vc_column][\/vc_column][\/vc_row]<\/p>\n<\/section>","protected":false},"excerpt":{"rendered":"<p>LAMPADINA GALLEGGIANTE PORTATILE COCO<\/p>\n","protected":false},"featured_media":67103,"template":"","meta":[],"product_cat":[974,991],"product_tag":[953,962],"class_list":{"0":"post-67078","1":"product","2":"type-product","3":"status-publish","4":"has-post-thumbnail","6":"product_cat-lightdeco-it","7":"product_cat-lampada-portatile","8":"product_tag-batteria","9":"product_tag-senza-fili-it","11":"first","12":"instock","13":"taxable","14":"shipping-taxable","15":"purchasable","16":"product-type-variable"},"yoast_head":"<!-- This site is optimized with the Yoast SEO plugin v24.2 - https:\/\/yoast.com\/wordpress\/plugins\/seo\/ -->\n<title>LAMPADINA GALLEGGIANTE PORTATILE COCO - Newgarden<\/title>\n<meta name=\"description\" content=\"Scoprite la lampadina da esterno Coco. Il suo design \u00e8 funzionale, in quanto pu\u00f2 essere utilizzata come lampada da tavolo o come lampada a sospensione grazie al suo gancio. \u00c8 possibile utilizzarla anche come lampada da piscina. Questa caratteristica vi d\u00e0 la libert\u00e0 di creare atmosfere accattivanti in qualsiasi angolo del vostro giardino, terrazzo o patio.\" \/>\n<meta name=\"robots\" content=\"index, follow, max-snippet:-1, max-image-preview:large, max-video-preview:-1\" \/>\n<link rel=\"canonical\" href=\"https:\/\/newgarden.es\/it\/lampadina-galleggiante-portatile-coco\/\" \/>\n<meta property=\"og:locale\" content=\"it_IT\" \/>\n<meta property=\"og:type\" content=\"article\" \/>\n<meta property=\"og:title\" content=\"LAMPADINA GALLEGGIANTE PORTATILE COCO - Newgarden\" \/>\n<meta property=\"og:description\" content=\"Scoprite la lampadina da esterno Coco. Il suo design \u00e8 funzionale, in quanto pu\u00f2 essere utilizzata come lampada da tavolo o come lampada a sospensione grazie al suo gancio. \u00c8 possibile utilizzarla anche come lampada da piscina. Questa caratteristica vi d\u00e0 la libert\u00e0 di creare atmosfere accattivanti in qualsiasi angolo del vostro giardino, terrazzo o patio.\" \/>\n<meta property=\"og:url\" content=\"https:\/\/newgarden.es\/it\/lampadina-galleggiante-portatile-coco\/\" \/>\n<meta property=\"og:site_name\" content=\"Newgarden\" \/>\n<meta property=\"article:modified_time\" content=\"2024-08-02T08:46:49+00:00\" \/>\n<meta property=\"og:image\" content=\"https:\/\/newgarden.es\/wp-content\/uploads\/2024\/08\/COCO_1200X1200-3.jpg\" \/>\n\t<meta property=\"og:image:width\" content=\"1200\" \/>\n\t<meta property=\"og:image:height\" content=\"1200\" \/>\n\t<meta property=\"og:image:type\" content=\"image\/jpeg\" \/>\n<meta name=\"twitter:card\" content=\"summary_large_image\" \/>\n<meta name=\"twitter:label1\" content=\"Tempo di lettura stimato\" \/>\n\t<meta name=\"twitter:data1\" content=\"2 minuti\" \/>\n<script type=\"application\/ld+json\" class=\"yoast-schema-graph\">{\"@context\":\"https:\/\/schema.org\",\"@graph\":[{\"@type\":\"WebPage\",\"@id\":\"https:\/\/newgarden.es\/it\/lampadina-galleggiante-portatile-coco\/\",\"url\":\"https:\/\/newgarden.es\/it\/lampadina-galleggiante-portatile-coco\/\",\"name\":\"LAMPADINA GALLEGGIANTE PORTATILE COCO - Newgarden\",\"isPartOf\":{\"@id\":\"https:\/\/newgarden.es\/#website\"},\"primaryImageOfPage\":{\"@id\":\"https:\/\/newgarden.es\/it\/lampadina-galleggiante-portatile-coco\/#primaryimage\"},\"image\":{\"@id\":\"https:\/\/newgarden.es\/it\/lampadina-galleggiante-portatile-coco\/#primaryimage\"},\"thumbnailUrl\":\"https:\/\/newgarden.es\/wp-content\/uploads\/2024\/08\/COCO_1200X1200-3.jpg\",\"datePublished\":\"2024-08-02T08:10:58+00:00\",\"dateModified\":\"2024-08-02T08:46:49+00:00\",\"description\":\"Scoprite la lampadina da esterno Coco. Il suo design \u00e8 funzionale, in quanto pu\u00f2 essere utilizzata come lampada da tavolo o come lampada a sospensione grazie al suo gancio. \u00c8 possibile utilizzarla anche come lampada da piscina. Questa caratteristica vi d\u00e0 la libert\u00e0 di creare atmosfere accattivanti in qualsiasi angolo del vostro giardino, terrazzo o patio.\",\"breadcrumb\":{\"@id\":\"https:\/\/newgarden.es\/it\/lampadina-galleggiante-portatile-coco\/#breadcrumb\"},\"inLanguage\":\"it-IT\",\"potentialAction\":[{\"@type\":\"ReadAction\",\"target\":[\"https:\/\/newgarden.es\/it\/lampadina-galleggiante-portatile-coco\/\"]}]},{\"@type\":\"ImageObject\",\"inLanguage\":\"it-IT\",\"@id\":\"https:\/\/newgarden.es\/it\/lampadina-galleggiante-portatile-coco\/#primaryimage\",\"url\":\"https:\/\/newgarden.es\/wp-content\/uploads\/2024\/08\/COCO_1200X1200-3.jpg\",\"contentUrl\":\"https:\/\/newgarden.es\/wp-content\/uploads\/2024\/08\/COCO_1200X1200-3.jpg\",\"width\":1200,\"height\":1200},{\"@type\":\"BreadcrumbList\",\"@id\":\"https:\/\/newgarden.es\/it\/lampadina-galleggiante-portatile-coco\/#breadcrumb\",\"itemListElement\":[{\"@type\":\"ListItem\",\"position\":1,\"name\":\"Home\",\"item\":\"https:\/\/newgarden.es\/it\/\"},{\"@type\":\"ListItem\",\"position\":2,\"name\":\"Collezione\",\"item\":\"https:\/\/newgarden.es\/it\/negozio\/\"},{\"@type\":\"ListItem\",\"position\":3,\"name\":\"LAMPADINA GALLEGGIANTE PORTATILE COCO\"}]},{\"@type\":\"WebSite\",\"@id\":\"https:\/\/newgarden.es\/#website\",\"url\":\"https:\/\/newgarden.es\/\",\"name\":\"Newgarden\",\"description\":\"Be happy\",\"potentialAction\":[{\"@type\":\"SearchAction\",\"target\":{\"@type\":\"EntryPoint\",\"urlTemplate\":\"https:\/\/newgarden.es\/?s={search_term_string}\"},\"query-input\":{\"@type\":\"PropertyValueSpecification\",\"valueRequired\":true,\"valueName\":\"search_term_string\"}}],\"inLanguage\":\"it-IT\"}]}<\/script>\n<!-- \/ Yoast SEO plugin. -->","yoast_head_json":{"title":"LAMPADINA GALLEGGIANTE PORTATILE COCO - Newgarden","description":"Scoprite la lampadina da esterno Coco. Il suo design \u00e8 funzionale, in quanto pu\u00f2 essere utilizzata come lampada da tavolo o come lampada a sospensione grazie al suo gancio. \u00c8 possibile utilizzarla anche come lampada da piscina. Questa caratteristica vi d\u00e0 la libert\u00e0 di creare atmosfere accattivanti in qualsiasi angolo del vostro giardino, terrazzo o patio.","robots":{"index":"index","follow":"follow","max-snippet":"max-snippet:-1","max-image-preview":"max-image-preview:large","max-video-preview":"max-video-preview:-1"},"canonical":"https:\/\/newgarden.es\/it\/lampadina-galleggiante-portatile-coco\/","og_locale":"it_IT","og_type":"article","og_title":"LAMPADINA GALLEGGIANTE PORTATILE COCO - Newgarden","og_description":"Scoprite la lampadina da esterno Coco. Il suo design \u00e8 funzionale, in quanto pu\u00f2 essere utilizzata come lampada da tavolo o come lampada a sospensione grazie al suo gancio. \u00c8 possibile utilizzarla anche come lampada da piscina. Questa caratteristica vi d\u00e0 la libert\u00e0 di creare atmosfere accattivanti in qualsiasi angolo del vostro giardino, terrazzo o patio.","og_url":"https:\/\/newgarden.es\/it\/lampadina-galleggiante-portatile-coco\/","og_site_name":"Newgarden","article_modified_time":"2024-08-02T08:46:49+00:00","og_image":[{"width":1200,"height":1200,"url":"https:\/\/newgarden.es\/wp-content\/uploads\/2024\/08\/COCO_1200X1200-3.jpg","type":"image\/jpeg"}],"twitter_card":"summary_large_image","twitter_misc":{"Tempo di lettura stimato":"2 minuti"},"schema":{"@context":"https:\/\/schema.org","@graph":[{"@type":"WebPage","@id":"https:\/\/newgarden.es\/it\/lampadina-galleggiante-portatile-coco\/","url":"https:\/\/newgarden.es\/it\/lampadina-galleggiante-portatile-coco\/","name":"LAMPADINA GALLEGGIANTE PORTATILE COCO - Newgarden","isPartOf":{"@id":"https:\/\/newgarden.es\/#website"},"primaryImageOfPage":{"@id":"https:\/\/newgarden.es\/it\/lampadina-galleggiante-portatile-coco\/#primaryimage"},"image":{"@id":"https:\/\/newgarden.es\/it\/lampadina-galleggiante-portatile-coco\/#primaryimage"},"thumbnailUrl":"https:\/\/newgarden.es\/wp-content\/uploads\/2024\/08\/COCO_1200X1200-3.jpg","datePublished":"2024-08-02T08:10:58+00:00","dateModified":"2024-08-02T08:46:49+00:00","description":"Scoprite la lampadina da esterno Coco. Il suo design \u00e8 funzionale, in quanto pu\u00f2 essere utilizzata come lampada da tavolo o come lampada a sospensione grazie al suo gancio. \u00c8 possibile utilizzarla anche come lampada da piscina. Questa caratteristica vi d\u00e0 la libert\u00e0 di creare atmosfere accattivanti in qualsiasi angolo del vostro giardino, terrazzo o patio.","breadcrumb":{"@id":"https:\/\/newgarden.es\/it\/lampadina-galleggiante-portatile-coco\/#breadcrumb"},"inLanguage":"it-IT","potentialAction":[{"@type":"ReadAction","target":["https:\/\/newgarden.es\/it\/lampadina-galleggiante-portatile-coco\/"]}]},{"@type":"ImageObject","inLanguage":"it-IT","@id":"https:\/\/newgarden.es\/it\/lampadina-galleggiante-portatile-coco\/#primaryimage","url":"https:\/\/newgarden.es\/wp-content\/uploads\/2024\/08\/COCO_1200X1200-3.jpg","contentUrl":"https:\/\/newgarden.es\/wp-content\/uploads\/2024\/08\/COCO_1200X1200-3.jpg","width":1200,"height":1200},{"@type":"BreadcrumbList","@id":"https:\/\/newgarden.es\/it\/lampadina-galleggiante-portatile-coco\/#breadcrumb","itemListElement":[{"@type":"ListItem","position":1,"name":"Home","item":"https:\/\/newgarden.es\/it\/"},{"@type":"ListItem","position":2,"name":"Collezione","item":"https:\/\/newgarden.es\/it\/negozio\/"},{"@type":"ListItem","position":3,"name":"LAMPADINA GALLEGGIANTE PORTATILE COCO"}]},{"@type":"WebSite","@id":"https:\/\/newgarden.es\/#website","url":"https:\/\/newgarden.es\/","name":"Newgarden","description":"Be happy","potentialAction":[{"@type":"SearchAction","target":{"@type":"EntryPoint","urlTemplate":"https:\/\/newgarden.es\/?s={search_term_string}"},"query-input":{"@type":"PropertyValueSpecification","valueRequired":true,"valueName":"search_term_string"}}],"inLanguage":"it-IT"}]}},"df_price":42.7,"df_sale_price":"","df_regular_price":42.7,"df_image_link":"https:\/\/newgarden.es\/wp-content\/uploads\/2024\/08\/COCO_1200X1200-3-580x400.jpg","_links":{"self":[{"href":"https:\/\/newgarden.es\/it\/wp-json\/wp\/v2\/product\/67078"}],"collection":[{"href":"https:\/\/newgarden.es\/it\/wp-json\/wp\/v2\/product"}],"about":[{"href":"https:\/\/newgarden.es\/it\/wp-json\/wp\/v2\/types\/product"}],"wp:featuredmedia":[{"embeddable":true,"href":"https:\/\/newgarden.es\/it\/wp-json\/wp\/v2\/media\/67103"}],"wp:attachment":[{"href":"https:\/\/newgarden.es\/it\/wp-json\/wp\/v2\/media?parent=67078"}],"wp:term":[{"taxonomy":"product_cat","embeddable":true,"href":"https:\/\/newgarden.es\/it\/wp-json\/wp\/v2\/product_cat?post=67078"},{"taxonomy":"product_tag","embeddable":true,"href":"https:\/\/newgarden.es\/it\/wp-json\/wp\/v2\/product_tag?post=67078"}],"curies":[{"name":"wp","href":"https:\/\/api.w.org\/{rel}","templated":true}]}}