{"id":67288,"date":"2024-08-02T13:00:51","date_gmt":"2024-08-02T11:01:11","guid":{"rendered":"https:\/\/newgarden.es\/?post_type=product&#038;p=67288"},"modified":"2024-08-02T14:13:45","modified_gmt":"2024-08-02T12:13:45","slug":"box-8-applique-a-batteria","status":"publish","type":"product","link":"https:\/\/newgarden.es\/it\/box-8-applique-a-batteria","title":{"rendered":"APPLIQUE QUADRATA A BATTERIA PER INTERNI BOX 8"},"content":{"rendered":"<section class=\"wpb-content-wrapper\"><p>[vc_row][vc_column][vc_column_text][\/vc_column_text][\/vc_column][\/vc_row][vc_row][vc_column][vc_column_text]Introducete un nuovo standard di illuminazione con l&#8217;applique a batteria Box 8, un capolavoro di design che unisce funzionalit\u00e0 e stile per trasformare i vostri spazi interni. Grazie all&#8217;attacco magnetico, questa lampada elimina le limitazioni dei cavi, consentendo di posizionarla in qualsiasi angolo con facilit\u00e0.<\/p>\n<p>Il caratteristico design a cubo di Box 8 non solo aggiunge un tocco moderno ai vostri spazi, ma offre anche versatili possibilit\u00e0 di collocazione. Grazie alla faccia illuminata, questa lampada diventa un elemento decorativo a s\u00e9 stante, che mette in risalto e valorizza l&#8217;estetica di qualsiasi ambiente.<\/p>\n<p>La versatilit\u00e0 di Box 8 si unisce a prestazioni eccezionali. Con 3 intensit\u00e0 luminose regolabili, \u00e8 possibile adattare l&#8217;illuminazione al proprio umore e alle proprie esigenze. La temperatura di colore di 3000K e i 300 lumen garantiscono una luce calda e brillante che illumina elegantemente gli interni.<\/p>\n<p>Il Box 8 \u00e8 alimentato da una batteria ricaricabile che fornisce fino a 20 ore di illuminazione continua con un consumo efficiente di 3W. Questa caratteristica garantisce non solo una lunga autonomia, ma anche la comodit\u00e0 di un utilizzo senza fili, che permette di posizionare la lampada ovunque senza dover ricorrere a spine.<\/p>\n<p><strong>DIMENSIONE <\/strong><br \/>\n8 x 8 x 8 cm[\/vc_column_text][\/vc_column][\/vc_row][vc_row][vc_column width=&#8221;1\/2&#8243;][vc_btn title=&#8221;SCHEDA TECNICA&#8221; style=&#8221;custom&#8221; custom_background=&#8221;#009bc2&#8243; custom_text=&#8221;#ffffff&#8221; shape=&#8221;square&#8221; link=&#8221;url:https%3A%2F%2Facortar.link%2FzCZqjc|target:_blank|&#8221; el_class=&#8221;btn_descargar_ficha&#8221;][\/vc_column][vc_column width=&#8221;1\/2&#8243;][vc_btn title=&#8221;MANUALE DI ISTRUZIONI&#8221; style=&#8221;custom&#8221; custom_background=&#8221;#009bc2&#8243; custom_text=&#8221;#ffffff&#8221; shape=&#8221;square&#8221; link=&#8221;url:https%3A%2F%2Facortar.link%2Fu5KRUX|target:_blank|&#8221; el_class=&#8221;btn_descargar_ficha&#8221;][\/vc_column][vc_column][\/vc_column][\/vc_row]<\/p>\n<\/section>","protected":false},"excerpt":{"rendered":"<p>APPLIQUE QUADRATA A BATTERIA PER INTERNI BOX 8<\/p>\n","protected":false},"featured_media":67328,"template":"","meta":[],"product_cat":[974,969,991],"product_tag":[953,962],"class_list":{"0":"post-67288","1":"product","2":"type-product","3":"status-publish","4":"has-post-thumbnail","6":"product_cat-lightdeco-it","7":"product_cat-lampada-da-parete","8":"product_cat-lampada-portatile","9":"product_tag-batteria","10":"product_tag-senza-fili-it","12":"first","13":"instock","14":"taxable","15":"shipping-taxable","16":"purchasable","17":"product-type-variable"},"yoast_head":"<!-- This site is optimized with the Yoast SEO plugin v24.2 - https:\/\/yoast.com\/wordpress\/plugins\/seo\/ -->\n<title>APPLIQUE QUADRATA A BATTERIA PER INTERNI BOX 8 - Newgarden<\/title>\n<meta name=\"description\" content=\"Introducete un nuovo standard di illuminazione con l&#039;applique a batteria Box 8, un capolavoro di design che unisce funzionalit\u00e0 e stile per trasformare i vostri spazi interni. Grazie all&#039;attacco magnetico, questa lampada elimina le limitazioni dei cavi, consentendo di posizionarla in qualsiasi angolo con facilit\u00e0.\" \/>\n<meta name=\"robots\" content=\"index, follow, max-snippet:-1, max-image-preview:large, max-video-preview:-1\" \/>\n<link rel=\"canonical\" href=\"https:\/\/newgarden.es\/it\/box-8-applique-a-batteria\/\" \/>\n<meta property=\"og:locale\" content=\"it_IT\" \/>\n<meta property=\"og:type\" content=\"article\" \/>\n<meta property=\"og:title\" content=\"APPLIQUE QUADRATA A BATTERIA PER INTERNI BOX 8 - Newgarden\" \/>\n<meta property=\"og:description\" content=\"Introducete un nuovo standard di illuminazione con l&#039;applique a batteria Box 8, un capolavoro di design che unisce funzionalit\u00e0 e stile per trasformare i vostri spazi interni. Grazie all&#039;attacco magnetico, questa lampada elimina le limitazioni dei cavi, consentendo di posizionarla in qualsiasi angolo con facilit\u00e0.\" \/>\n<meta property=\"og:url\" content=\"https:\/\/newgarden.es\/it\/box-8-applique-a-batteria\/\" \/>\n<meta property=\"og:site_name\" content=\"Newgarden\" \/>\n<meta property=\"article:modified_time\" content=\"2024-08-02T12:13:45+00:00\" \/>\n<meta property=\"og:image\" content=\"https:\/\/newgarden.es\/wp-content\/uploads\/2024\/08\/BOX_1200X1200-1024x1024.png\" \/>\n\t<meta property=\"og:image:width\" content=\"1024\" \/>\n\t<meta property=\"og:image:height\" content=\"1024\" \/>\n\t<meta property=\"og:image:type\" content=\"image\/png\" \/>\n<meta name=\"twitter:card\" content=\"summary_large_image\" \/>\n<meta name=\"twitter:label1\" content=\"Tempo di lettura stimato\" \/>\n\t<meta name=\"twitter:data1\" content=\"2 minuti\" \/>\n<script type=\"application\/ld+json\" class=\"yoast-schema-graph\">{\"@context\":\"https:\/\/schema.org\",\"@graph\":[{\"@type\":\"WebPage\",\"@id\":\"https:\/\/newgarden.es\/it\/box-8-applique-a-batteria\/\",\"url\":\"https:\/\/newgarden.es\/it\/box-8-applique-a-batteria\/\",\"name\":\"APPLIQUE QUADRATA A BATTERIA PER INTERNI BOX 8 - Newgarden\",\"isPartOf\":{\"@id\":\"https:\/\/newgarden.es\/#website\"},\"primaryImageOfPage\":{\"@id\":\"https:\/\/newgarden.es\/it\/box-8-applique-a-batteria\/#primaryimage\"},\"image\":{\"@id\":\"https:\/\/newgarden.es\/it\/box-8-applique-a-batteria\/#primaryimage\"},\"thumbnailUrl\":\"https:\/\/newgarden.es\/wp-content\/uploads\/2024\/08\/BOX_1200X1200.png\",\"datePublished\":\"2024-08-02T11:01:11+00:00\",\"dateModified\":\"2024-08-02T12:13:45+00:00\",\"description\":\"Introducete un nuovo standard di illuminazione con l'applique a batteria Box 8, un capolavoro di design che unisce funzionalit\u00e0 e stile per trasformare i vostri spazi interni. Grazie all'attacco magnetico, questa lampada elimina le limitazioni dei cavi, consentendo di posizionarla in qualsiasi angolo con facilit\u00e0.\",\"breadcrumb\":{\"@id\":\"https:\/\/newgarden.es\/it\/box-8-applique-a-batteria\/#breadcrumb\"},\"inLanguage\":\"it-IT\",\"potentialAction\":[{\"@type\":\"ReadAction\",\"target\":[\"https:\/\/newgarden.es\/it\/box-8-applique-a-batteria\/\"]}]},{\"@type\":\"ImageObject\",\"inLanguage\":\"it-IT\",\"@id\":\"https:\/\/newgarden.es\/it\/box-8-applique-a-batteria\/#primaryimage\",\"url\":\"https:\/\/newgarden.es\/wp-content\/uploads\/2024\/08\/BOX_1200X1200.png\",\"contentUrl\":\"https:\/\/newgarden.es\/wp-content\/uploads\/2024\/08\/BOX_1200X1200.png\",\"width\":1200,\"height\":1200},{\"@type\":\"BreadcrumbList\",\"@id\":\"https:\/\/newgarden.es\/it\/box-8-applique-a-batteria\/#breadcrumb\",\"itemListElement\":[{\"@type\":\"ListItem\",\"position\":1,\"name\":\"Home\",\"item\":\"https:\/\/newgarden.es\/it\/\"},{\"@type\":\"ListItem\",\"position\":2,\"name\":\"Collezione\",\"item\":\"https:\/\/newgarden.es\/it\/negozio\/\"},{\"@type\":\"ListItem\",\"position\":3,\"name\":\"APPLIQUE QUADRATA A BATTERIA PER INTERNI BOX 8\"}]},{\"@type\":\"WebSite\",\"@id\":\"https:\/\/newgarden.es\/#website\",\"url\":\"https:\/\/newgarden.es\/\",\"name\":\"Newgarden\",\"description\":\"Be happy\",\"potentialAction\":[{\"@type\":\"SearchAction\",\"target\":{\"@type\":\"EntryPoint\",\"urlTemplate\":\"https:\/\/newgarden.es\/?s={search_term_string}\"},\"query-input\":{\"@type\":\"PropertyValueSpecification\",\"valueRequired\":true,\"valueName\":\"search_term_string\"}}],\"inLanguage\":\"it-IT\"}]}<\/script>\n<!-- \/ Yoast SEO plugin. -->","yoast_head_json":{"title":"APPLIQUE QUADRATA A BATTERIA PER INTERNI BOX 8 - Newgarden","description":"Introducete un nuovo standard di illuminazione con l'applique a batteria Box 8, un capolavoro di design che unisce funzionalit\u00e0 e stile per trasformare i vostri spazi interni. Grazie all'attacco magnetico, questa lampada elimina le limitazioni dei cavi, consentendo di posizionarla in qualsiasi angolo con facilit\u00e0.","robots":{"index":"index","follow":"follow","max-snippet":"max-snippet:-1","max-image-preview":"max-image-preview:large","max-video-preview":"max-video-preview:-1"},"canonical":"https:\/\/newgarden.es\/it\/box-8-applique-a-batteria\/","og_locale":"it_IT","og_type":"article","og_title":"APPLIQUE QUADRATA A BATTERIA PER INTERNI BOX 8 - Newgarden","og_description":"Introducete un nuovo standard di illuminazione con l'applique a batteria Box 8, un capolavoro di design che unisce funzionalit\u00e0 e stile per trasformare i vostri spazi interni. Grazie all'attacco magnetico, questa lampada elimina le limitazioni dei cavi, consentendo di posizionarla in qualsiasi angolo con facilit\u00e0.","og_url":"https:\/\/newgarden.es\/it\/box-8-applique-a-batteria\/","og_site_name":"Newgarden","article_modified_time":"2024-08-02T12:13:45+00:00","og_image":[{"width":1024,"height":1024,"url":"https:\/\/newgarden.es\/wp-content\/uploads\/2024\/08\/BOX_1200X1200-1024x1024.png","type":"image\/png"}],"twitter_card":"summary_large_image","twitter_misc":{"Tempo di lettura stimato":"2 minuti"},"schema":{"@context":"https:\/\/schema.org","@graph":[{"@type":"WebPage","@id":"https:\/\/newgarden.es\/it\/box-8-applique-a-batteria\/","url":"https:\/\/newgarden.es\/it\/box-8-applique-a-batteria\/","name":"APPLIQUE QUADRATA A BATTERIA PER INTERNI BOX 8 - Newgarden","isPartOf":{"@id":"https:\/\/newgarden.es\/#website"},"primaryImageOfPage":{"@id":"https:\/\/newgarden.es\/it\/box-8-applique-a-batteria\/#primaryimage"},"image":{"@id":"https:\/\/newgarden.es\/it\/box-8-applique-a-batteria\/#primaryimage"},"thumbnailUrl":"https:\/\/newgarden.es\/wp-content\/uploads\/2024\/08\/BOX_1200X1200.png","datePublished":"2024-08-02T11:01:11+00:00","dateModified":"2024-08-02T12:13:45+00:00","description":"Introducete un nuovo standard di illuminazione con l'applique a batteria Box 8, un capolavoro di design che unisce funzionalit\u00e0 e stile per trasformare i vostri spazi interni. Grazie all'attacco magnetico, questa lampada elimina le limitazioni dei cavi, consentendo di posizionarla in qualsiasi angolo con facilit\u00e0.","breadcrumb":{"@id":"https:\/\/newgarden.es\/it\/box-8-applique-a-batteria\/#breadcrumb"},"inLanguage":"it-IT","potentialAction":[{"@type":"ReadAction","target":["https:\/\/newgarden.es\/it\/box-8-applique-a-batteria\/"]}]},{"@type":"ImageObject","inLanguage":"it-IT","@id":"https:\/\/newgarden.es\/it\/box-8-applique-a-batteria\/#primaryimage","url":"https:\/\/newgarden.es\/wp-content\/uploads\/2024\/08\/BOX_1200X1200.png","contentUrl":"https:\/\/newgarden.es\/wp-content\/uploads\/2024\/08\/BOX_1200X1200.png","width":1200,"height":1200},{"@type":"BreadcrumbList","@id":"https:\/\/newgarden.es\/it\/box-8-applique-a-batteria\/#breadcrumb","itemListElement":[{"@type":"ListItem","position":1,"name":"Home","item":"https:\/\/newgarden.es\/it\/"},{"@type":"ListItem","position":2,"name":"Collezione","item":"https:\/\/newgarden.es\/it\/negozio\/"},{"@type":"ListItem","position":3,"name":"APPLIQUE QUADRATA A BATTERIA PER INTERNI BOX 8"}]},{"@type":"WebSite","@id":"https:\/\/newgarden.es\/#website","url":"https:\/\/newgarden.es\/","name":"Newgarden","description":"Be happy","potentialAction":[{"@type":"SearchAction","target":{"@type":"EntryPoint","urlTemplate":"https:\/\/newgarden.es\/?s={search_term_string}"},"query-input":{"@type":"PropertyValueSpecification","valueRequired":true,"valueName":"search_term_string"}}],"inLanguage":"it-IT"}]}},"df_price":42.7,"df_sale_price":"","df_regular_price":42.7,"df_image_link":"https:\/\/newgarden.es\/wp-content\/uploads\/2024\/08\/BOX_1200X1200-580x400.png","_links":{"self":[{"href":"https:\/\/newgarden.es\/it\/wp-json\/wp\/v2\/product\/67288"}],"collection":[{"href":"https:\/\/newgarden.es\/it\/wp-json\/wp\/v2\/product"}],"about":[{"href":"https:\/\/newgarden.es\/it\/wp-json\/wp\/v2\/types\/product"}],"wp:featuredmedia":[{"embeddable":true,"href":"https:\/\/newgarden.es\/it\/wp-json\/wp\/v2\/media\/67328"}],"wp:attachment":[{"href":"https:\/\/newgarden.es\/it\/wp-json\/wp\/v2\/media?parent=67288"}],"wp:term":[{"taxonomy":"product_cat","embeddable":true,"href":"https:\/\/newgarden.es\/it\/wp-json\/wp\/v2\/product_cat?post=67288"},{"taxonomy":"product_tag","embeddable":true,"href":"https:\/\/newgarden.es\/it\/wp-json\/wp\/v2\/product_tag?post=67288"}],"curies":[{"name":"wp","href":"https:\/\/api.w.org\/{rel}","templated":true}]}}